{"id":94095,"date":"2026-03-05T13:24:37","date_gmt":"2026-03-05T12:24:37","guid":{"rendered":"https:\/\/www.diagonale.at\/?page_id=94095"},"modified":"2026-03-17T21:25:11","modified_gmt":"2026-03-17T20:25:11","slug":"team-2026","status":"publish","type":"page","link":"https:\/\/www.diagonale.at\/en\/team-2026\/","title":{"rendered":"| Diagonale | Team | 2026 |"},"content":{"rendered":"<p><span style=\"color: #000000;\"><strong>Festival Directors<br \/>\n<\/strong>Dominik Kamalzadeh, Claudia Slanar<\/span><\/p>\n<p><span style=\"color: #000000;\"><strong>Office Management<br \/>\n<\/strong>G\u00f6ksen Yilmaz<\/span><\/p>\n<p><span style=\"color: #000000;\"><strong>Press Office<br \/>\n<\/strong>Saskia Pramstaller, Katharina Fennesz, Clara Gruber<\/span><\/p>\n<p><span style=\"color: #000000;\"><strong>Guest Office<br \/>\n<\/strong>Milena Nikolic, Hannah Shong, Leonie Wimmer<\/span><\/p>\n<p><span style=\"color: #000000;\"><strong>Jury Support<br \/>\n<\/strong>Luzia Johow<br \/>\n<\/span><\/p>\n<p><span style=\"color: #000000;\"><strong>Head of Production<br \/>\n<\/strong>Christian Sundl<\/span><\/p>\n<p><span style=\"color: #000000;\"><strong>Production Graz<br \/>\n<\/strong>Natalie Pinter<\/span><br \/>\n<span style=\"color: #000000;\">Philipp Forthuber<\/span><\/p>\n<p><span style=\"color: #000000;\"><strong>Production Team<br \/>\n<\/strong>Jana Aschauer, Lukas Bayer, Francesco Casanova, Lotta Dallermassl,\u00a0Elaina H\u00f6fer, Dorothee Edler-Binder-Krieglstein, Katarina Kostelac, Katharina Krachler, Elena Neubacher, Constanze Rebhandl, Thomas Romankiewicz, Angelika Schneider, Thomas Schober, Amina Wagner, Gregor Wahl<br \/>\n<\/span><\/p>\n<p><span style=\"color: #000000;\"><strong>Protocoll<\/strong><\/span><br \/>\n<span style=\"color: #000000;\">Barbara Lindner, Olena Mashkina<\/span><\/p>\n<p><span style=\"color: #000000;\"><strong>Program Consulting<\/strong><\/span><br \/>\n<span style=\"color: #000000;\">Alex Gerbaulet, Matthias Lerf, Bianca Jasmina Rauch<\/span><\/p>\n<p><span style=\"color: #000000;\"><strong>Program Coordination<\/strong><\/span><br \/>\n<span style=\"color: #000000;\">Philipp Stadelmaier<\/span><\/p>\n<p><span style=\"color: #000000;\"><strong>Publication<br \/>\n<\/strong>Michael Pekler<\/span><\/p>\n<p><span style=\"color: #000000;\"><strong>Diagonale Film Meeting<br \/>\n<\/strong>Michael Zeindlinger<\/span><\/p>\n<p><span style=\"color: #000000;\"><strong>Disposition \/ Internal Communication<\/strong><\/span><br \/>\n<span style=\"color: #000000;\">Daniela-Katrin Strobl<\/span><\/p>\n<p><span style=\"color: #000000;\"><strong>Educational Outreach<br \/>\n<\/strong>Gudrun J\u00f6ller, Roman Fasching<\/span><\/p>\n<p><span style=\"color: #000000;\"><strong>Sustainablility<br \/>\n<\/strong>Anna Fras<\/span><\/p>\n<p><span style=\"color: #000000;\"><strong>Accounting<br \/>\n<\/strong>Susanne Holi, Monika Wagenhofer<\/span><\/p>\n<p><span style=\"color: #000000;\"><strong>Payroll Accounting<br \/>\n<\/strong>Evelyn Hruby<\/span><\/p>\n<p><span style=\"color: #000000;\"><strong>EDV<br \/>\n<\/strong>Heli Ammann, Manuel Himmler,<\/span><br \/>\n<span style=\"color: #000000;\">Evis Agaj, Philipp Poyer, Eugen Rieck<\/span><\/p>\n<p><span style=\"color: #000000;\"><strong>Art Direction \/ Graphic Design<br \/>\n<\/strong>Beton, Oliver Hofmann, Benjamin Buchegger<\/span><\/p>\n<p><span style=\"color: #000000;\"><strong>Diagonale Mitgliederversammlung<br \/>\n<\/strong>Dagmar Streicher, Johannes Rosenberger, Andrea Maria Dusl, Veronika Franz, Mathias Forberg, Siegfried A. Fruhauf, Bettina Henkel, Ernst Kieninger, Gabriele Kranzelbinder, Walter Mika, Paul Schwind<br \/>\n<\/span><\/p>\n<p><span style=\"color: #000000;\"><strong>Cleaning Staff<br \/>\n<\/strong>Germania-Reinigung | Rohrer Geb\u00e4udereinigung<\/span><\/p>\n<p>&nbsp;<\/p>\n<p>&nbsp;<\/p>\n<pre><span style=\"color: #000000;\">xxx<\/span><\/pre>\n<p>&nbsp;<\/p>\n<p><span style=\"color: #000000;\"><strong><br \/>\nHead of Finance<br \/>\n<\/strong>Margit Moisl<\/span><\/p>\n<p><span style=\"color: #000000;\"><strong>Sponsoring<br \/>\n<\/strong>Heide Oberegger<\/span><\/p>\n<p><span style=\"color: #000000;\"><strong>Marketing<br \/>\n<\/strong>Pia Pivec, Lisa-Marie Kriegler<\/span><\/p>\n<p><span style=\"color: #000000;\"><strong>Cooperations und Media Cooperations<br \/>\n<\/strong>Nina Bedlivy, Michael Zeindlinger<\/span><\/p>\n<p><span style=\"color: #000000;\"><strong>Technical Management<br \/>\n<\/strong>Gerhard Baldasti, Markus Pega, Markus Z\u00f6chling<\/span><\/p>\n<p><span style=\"color: #000000;\"><b data-olk-copy-source=\"MessageBody\"><strong>Venue Technicians<br \/>\n<\/strong><\/b><\/span><span style=\"color: #000000;\">Martin van Broekhoven, Gerald Fink, Christopher Mondt, Gunter Oehme, Stephan Schaja, Volker Stieblich<\/span><\/p>\n<p><span style=\"color: #000000;\"><strong>Sound Engineering<br \/>\n<\/strong>Guido Granitz, Michael Riva, Josef Schauer, Christof Scherrer, Wendelin Thei\u00dfel, Gernot Urch<\/span><\/p>\n<p><span style=\"color: #000000;\"><strong>Print &amp; DCP Inspection<br \/>\n<\/strong>Noah Essl, Niklas Strahammer, Alfred Hollerer<\/span><\/p>\n<p><span style=\"color: #000000;\"><strong>Projection<br \/>\n<\/strong>Mirjam Bromundt, Andreas Eli, Tina Guckenhan, Daniel Kundi, Johann Lurf, Markus Maicher, Christian Sch\u00f6n, Peter Sprenger, Kathinka Verhoeven, Christian Zagler<\/span><\/p>\n<p><span style=\"color: #000000;\"><strong>Event Technicians<\/strong><\/span><br \/>\n<span style=\"color: #000000;\">Klaus Spitzbart-Kleewein, Romana Spitzbart-Kleewein<\/span><\/p>\n<p><span style=\"color: #000000;\"><strong>Locationdesign<br \/>\n<\/strong>Robert R\u00fcf<\/span><\/p>\n<p><span style=\"color: #000000;\"><strong>Saalregie<br \/>\n<\/strong>Luis Brettschuh, Albert Gramer, Caroline Hengsberger, Cathleen Kayser, Viktoria Klammerth, Laura Pega, Laurenz Schl\u00f6gl, Konstantina Risovalis-Wohlgemuth<\/span><\/p>\n<p><span style=\"color: #000000;\"><strong>Cinema Staff<br \/>\n<\/strong>Lauren Aldridge, Tess Ducret, Theresa Kapper, Nikolaus Kohout, Daniel Lesser, Marc Pietkiewicz, Kathrin Rehr, Manuela Sandri, Nora Stoiser<\/span><\/p>\n<p><span style=\"color: #000000;\"><strong>Head of Ticketing<br \/>\n<\/strong>Simone Bscheiden, Timo B\u00fcrgler, Paul Wolff<\/span><\/p>\n<p><span style=\"color: #000000;\"><strong>Ticketing Team<\/strong><\/span><br \/>\n<span style=\"color: #000000;\" data-olk-copy-source=\"MessageBody\">Lara Adam, Gudrun Becker, Jonas B\u00f6hm, Katharina Burger, Malgorzata Gozdzik, Malte Lars Henningsen, Rudolf Hevera, Catherina Sophia Jarau, Katharina Kerschbaumer, Anna Kuehn, Anna Marie Lutz, Serafina Muhr, Sarah M\u00fcller, Olgica Peri\u0107, Nicole Maria P\u00fchringer, Anna-Maria Renzhofer, Elias R\u00fcckborn, Luzia Stempfer, Olivia Willeitner, Naomi Wood<\/span><\/p>\n<p><span style=\"color: #000000;\"><strong>Festival Photographers<\/strong><\/span><br \/>\n<span style=\"color: #000000;\">Theresa Lipp, Miriam Raneburger, Harald Wawrzyniak, Clara Wildberger<\/span><\/p>\n<p><span style=\"color: #000000;\"><strong>Sponsoring Photographers<\/strong><\/span><br \/>\n<span style=\"color: #000000;\">Alena Zahradniczek, Carlotta Veit<\/span><\/p>\n<p><span style=\"color: #000000;\"><strong>Drivers<br \/>\n<\/strong>Christian Jalen, Shirin Hooshmandi<\/span><\/p>\n<p><span style=\"color: #000000;\"><strong>Translation<\/strong><\/span><br \/>\n<span style=\"color: #000000;\">Lisa Rosenblatt \/ Dream Coordination Office, John Wojtowicz<\/span><\/p>\n<p><span style=\"color: #000000;\"><strong>Proof Reading<\/strong><\/span><br \/>\n<span style=\"color: #000000;\">Katharina Sacken<\/span><\/p>\n<p><span style=\"color: #000000;\"><strong><a style=\"color: #000000;\" href=\"https:\/\/www.diagonale.at\/autorinnen-filmtexte\/\">Film Texts<\/a><br \/>\n<\/strong><span class=\"TextRun SCXW251008103 BCX4\" lang=\"EN-US\" xml:lang=\"EN-US\" data-contrast=\"auto\"><span class=\"NormalTextRun SCXW251008103 BCX4\">Esther Buss<\/span><span class=\"NormalTextRun SCXW251008103 BCX4\">, <\/span><\/span><span class=\"TextRun SCXW251008103 BCX4\" lang=\"EN-US\" xml:lang=\"EN-US\" data-contrast=\"auto\"><span class=\"NormalTextRun SCXW251008103 BCX4\">Yun-<\/span><span class=\"NormalTextRun SpellingErrorV2Themed SCXW251008103 BCX4\">hua<\/span><span class=\"NormalTextRun SCXW251008103 BCX4\"> Chen<\/span><span class=\"NormalTextRun SCXW251008103 BCX4\">, <\/span><span class=\"NormalTextRun SCXW251008103 BCX4\">Lukas Foerster<\/span><span class=\"NormalTextRun SCXW251008103 BCX4\">, <\/span><\/span><span class=\"TextRun SCXW251008103 BCX4\" lang=\"EN-US\" xml:lang=\"EN-US\" data-contrast=\"auto\"><span class=\"NormalTextRun SCXW251008103 BCX4\">Susanne Gottlieb<\/span><span class=\"NormalTextRun SCXW251008103 BCX4\">, Silvia Hallensleben, <\/span><\/span><span class=\"TextRun SCXW251008103 BCX4\" lang=\"DE-AT\" xml:lang=\"DE-AT\" data-contrast=\"auto\"><span class=\"NormalTextRun SCXW251008103 BCX4\">Lisa Heuschober<\/span><span class=\"NormalTextRun SCXW251008103 BCX4\">, Patrick Holzapfel, Friederike Horstmann,<\/span><span class=\"NormalTextRun SCXW251008103 BCX4\"> Carl Christian Jamka, Anna Katharina Laggner, <\/span><\/span><span class=\"TextRun SCXW251008103 BCX4\" lang=\"DE-AT\" xml:lang=\"DE-AT\" data-contrast=\"auto\"><span class=\"NormalTextRun SCXW251008103 BCX4\">Eva K\u00f6nigshofen<\/span><span class=\"NormalTextRun SCXW251008103 BCX4\">, <\/span><\/span><span class=\"TextRun SCXW251008103 BCX4\" lang=\"DE-AT\" xml:lang=\"DE-AT\" data-contrast=\"auto\"><span class=\"NormalTextRun SCXW251008103 BCX4\">Anna Katharina <\/span><span class=\"NormalTextRun SpellingErrorV2Themed SCXW251008103 BCX4\">Laggner<\/span><span class=\"NormalTextRun SCXW251008103 BCX4\">, <\/span><span class=\"NormalTextRun SCXW251008103 BCX4\">Brigitte Mayr<\/span><span class=\"NormalTextRun SCXW251008103 BCX4\">, Vr\u00e4\u00e4th \u00d6hner, <\/span><span class=\"NormalTextRun SCXW251008103 BCX4\" data-ccp-charstyle=\"Strong\">Michael <\/span><span class=\"NormalTextRun SpellingErrorV2Themed SpellingErrorHighlight SCXW251008103 BCX4\" data-ccp-charstyle=\"Strong\">Omasta<\/span><span class=\"NormalTextRun SCXW251008103 BCX4\" data-ccp-charstyle=\"Strong\">, <\/span><span class=\"NormalTextRun SCXW251008103 BCX4\" data-ccp-charstyle=\"Strong\">Michael <\/span><span class=\"NormalTextRun SpellingErrorV2Themed SCXW251008103 BCX4\" data-ccp-charstyle=\"Strong\">Pekler<\/span><span class=\"NormalTextRun SCXW251008103 BCX4\" data-ccp-charstyle=\"Strong\">, Marina D. Richter, <\/span><\/span><span class=\"TextRun SCXW251008103 BCX4\" lang=\"DE-AT\" xml:lang=\"DE-AT\" data-contrast=\"auto\"><span class=\"NormalTextRun SCXW251008103 BCX4\">Bert <\/span><span class=\"NormalTextRun SCXW251008103 BCX4\">Rebhandl<\/span><span class=\"NormalTextRun SCXW251008103 BCX4\">, Alexandra Seitz, <\/span><span class=\"NormalTextRun SCXW251008103 BCX4\">Philipp Stadelmaier<\/span><span class=\"NormalTextRun SCXW251008103 BCX4\">, <\/span><span class=\"NormalTextRun SCXW251008103 BCX4\">Anna Steinbauer, Daniela-Katrin Strobl, <\/span><\/span><span class=\"TextRun SCXW251008103 BCX4\" lang=\"DE-AT\" xml:lang=\"DE-AT\" data-contrast=\"auto\"><span class=\"NormalTextRun SCXW251008103 BCX4\">Raphael <\/span><span class=\"NormalTextRun SpellingErrorV2Themed SCXW251008103 BCX4\">St\u00fcdeli<\/span><\/span><span class=\"TextRun SCXW251008103 BCX4\" lang=\"DE-AT\" xml:lang=\"DE-AT\" data-contrast=\"auto\"><span class=\"NormalTextRun SCXW251008103 BCX4\">, <\/span><\/span><span class=\"TextRun SCXW251008103 BCX4\" lang=\"DE-AT\" xml:lang=\"DE-AT\" data-contrast=\"auto\"><span class=\"NormalTextRun SCXW251008103 BCX4\">Andreas <\/span><span class=\"NormalTextRun SpellingErrorV2Themed SCXW251008103 BCX4\">Ungerb\u00f6ck<\/span><span class=\"NormalTextRun SCXW251008103 BCX4\">, <\/span><\/span><span class=\"TextRun SCXW251008103 BCX4\" lang=\"DE-AT\" xml:lang=\"DE-AT\" data-contrast=\"auto\"><span class=\"NormalTextRun SCXW251008103 BCX4\">Dennis Vetter<\/span><span class=\"NormalTextRun SCXW251008103 BCX4\">, <\/span><span class=\"NormalTextRun SCXW251008103 BCX4\">Carolin Weidner<\/span><span class=\"NormalTextRun SCXW251008103 BCX4\">, <\/span><\/span><span class=\"TextRun SCXW251008103 BCX4\" lang=\"DE-AT\" xml:lang=\"DE-AT\" data-contrast=\"auto\"><span class=\"NormalTextRun SCXW251008103 BCX4\">Naomi Wood, Michael Zeindlinger, Sabina Zeithammer<\/span><\/span><\/span><\/p>\n","protected":false},"excerpt":{"rendered":"<p>Festival Directors Dominik Kamalzadeh, Claudia Slanar Office Management G\u00f6ksen Yilmaz Press Office Saskia Pramstaller, Katharina Fennesz, Clara Gruber Guest Office Milena Nikolic, Hannah Shong, Leonie Wimmer Jury Support Luzia Johow Head of Production Christian Sundl Production Graz Natalie Pinter Philipp Forthuber Production Team Jana Aschauer, Lukas Bayer, Francesco Casanova, Lotta Dallermassl,\u00a0Elaina H\u00f6fer, Dorothee Edler-Binder-Krieglstein, Katarina [&hellip;]<\/p>\n","protected":false},"author":39,"featured_media":0,"parent":0,"menu_order":0,"comment_status":"closed","ping_status":"closed","template":"page-2spalter.php","meta":{"footnotes":""},"class_list":["post-94095","page","type-page","status-publish","hentry"],"_links":{"self":[{"href":"https:\/\/www.diagonale.at\/en\/wp-json\/wp\/v2\/pages\/94095","targetHints":{"allow":["GET"]}}],"collection":[{"href":"https:\/\/www.diagonale.at\/en\/wp-json\/wp\/v2\/pages"}],"about":[{"href":"https:\/\/www.diagonale.at\/en\/wp-json\/wp\/v2\/types\/page"}],"author":[{"embeddable":true,"href":"https:\/\/www.diagonale.at\/en\/wp-json\/wp\/v2\/users\/39"}],"replies":[{"embeddable":true,"href":"https:\/\/www.diagonale.at\/en\/wp-json\/wp\/v2\/comments?post=94095"}],"version-history":[{"count":7,"href":"https:\/\/www.diagonale.at\/en\/wp-json\/wp\/v2\/pages\/94095\/revisions"}],"predecessor-version":[{"id":95031,"href":"https:\/\/www.diagonale.at\/en\/wp-json\/wp\/v2\/pages\/94095\/revisions\/95031"}],"wp:attachment":[{"href":"https:\/\/www.diagonale.at\/en\/wp-json\/wp\/v2\/media?parent=94095"}],"curies":[{"name":"wp","href":"https:\/\/api.w.org\/{rel}","templated":true}]}}