{"id":93643,"date":"2026-02-14T16:05:48","date_gmt":"2026-02-14T15:05:48","guid":{"rendered":"https:\/\/www.diagonale.at\/?page_id=93643"},"modified":"2026-03-24T11:21:40","modified_gmt":"2026-03-24T10:21:40","slug":"preise-szenenbild_kostuembild-26","status":"publish","type":"page","link":"https:\/\/www.diagonale.at\/en\/preise-szenenbild_kostuembild-26\/","title":{"rendered":"| Diagonale Awards |<br>| Set Design &#038; Costume Design 2026 |"},"content":{"rendered":"<p>endowed<br \/>\n<strong>\u20ac 3,000 each \u2014 donated by VdFS \u2013 the Film Industry\u2019s Collecting Society<br \/>\n<\/strong><\/p>\n<hr \/>\n<p>The prize money is awarded to the set designer or costume designer of the film. All full-length Austrian feature films of the Diagonale &#8217;26 competition will be considered for the awards.<\/p>\n<pre>xxx<\/pre>\n<p><strong>| FOR BEST SET DESIGN |<br \/>\n| from the Austrian Filmdesigners Association (V\u00d6F) |<\/strong><\/p>\n<p><strong>Kristine Vitola<\/strong><br \/>\n<strong><em>White Snail<br \/>\n<\/em><\/strong><br \/>\nJury Statement:<br \/>\nThe raw and dark-seeming reality of this film appears in a new light through elements of the production design. Flashing e-cigarettes, fluorescent surfaces, and screens help us approach the complex multilayeredness of what is seen, lending the film a peculiar, enchanted glow.<\/p>\n<p>and<\/p>\n<p><strong>| FOR BEST COSTUME DESIGN |<br \/>\n| from the Austrian Filmdesigners Association (V\u00d6F) |<\/strong><\/p>\n<p><strong>Lena Oger<\/strong><br \/>\n<em><strong>White Snail<\/strong><\/em><\/p>\n<p>Jury Statement:<br \/>\nWithout drawing attention to themselves or overstating the characters, the costumes in this film invite us to experience the inner landscapes of the figures and the fragility of their bodies.<\/p>\n<p>&nbsp;<\/p>\n<p><a href=\"https:\/\/www.diagonale.at\/en\/diagonale-jurys-2026\/\">Jury Feature Film<\/a>:<br \/>\n<strong>Ulrike M\u00fcller<\/strong> (Casting Director, DE)<br data-start=\"90\" data-end=\"93\" \/><strong>Ivan Salati\u0107<\/strong> (Director &amp; Screenwriter, ME)<br \/>\n<strong>Cyril Sch\u00e4ublin<\/strong> (Director &amp; Screenwriter, CH)*<\/p>\n<p>&nbsp;<\/p>\n<p>*Cyril Sch\u00e4ublin stepped in at short notice for <strong>Faraz Fesharaki<\/strong> (director &amp; cinematographer, DE\/IR), who unfortunately cannot attend the Diagonale due to the current situation in Iran.<\/p>\n<p>&nbsp;<\/p>\n","protected":false},"excerpt":{"rendered":"<p>Diagonale-Preis Szenenbild und Kost\u00fcmbild des Verbandes \u00d6sterreichischer Filmausstatter*innen V\u00d6F<\/p>\n","protected":false},"author":37,"featured_media":0,"parent":0,"menu_order":0,"comment_status":"closed","ping_status":"closed","template":"","meta":{"footnotes":""},"class_list":["post-93643","page","type-page","status-publish","hentry"],"_links":{"self":[{"href":"https:\/\/www.diagonale.at\/en\/wp-json\/wp\/v2\/pages\/93643","targetHints":{"allow":["GET"]}}],"collection":[{"href":"https:\/\/www.diagonale.at\/en\/wp-json\/wp\/v2\/pages"}],"about":[{"href":"https:\/\/www.diagonale.at\/en\/wp-json\/wp\/v2\/types\/page"}],"author":[{"embeddable":true,"href":"https:\/\/www.diagonale.at\/en\/wp-json\/wp\/v2\/users\/37"}],"replies":[{"embeddable":true,"href":"https:\/\/www.diagonale.at\/en\/wp-json\/wp\/v2\/comments?post=93643"}],"version-history":[{"count":8,"href":"https:\/\/www.diagonale.at\/en\/wp-json\/wp\/v2\/pages\/93643\/revisions"}],"predecessor-version":[{"id":95480,"href":"https:\/\/www.diagonale.at\/en\/wp-json\/wp\/v2\/pages\/93643\/revisions\/95480"}],"wp:attachment":[{"href":"https:\/\/www.diagonale.at\/en\/wp-json\/wp\/v2\/media?parent=93643"}],"curies":[{"name":"wp","href":"https:\/\/api.w.org\/{rel}","templated":true}]}}