{"id":93051,"date":"2026-01-08T09:56:40","date_gmt":"2026-01-08T08:56:40","guid":{"rendered":"https:\/\/www.diagonale.at\/?page_id=93051"},"modified":"2026-03-06T15:28:34","modified_gmt":"2026-03-06T14:28:34","slug":"filmgeschichte-neue-unsicherheiten","status":"publish","type":"page","link":"https:\/\/www.diagonale.at\/en\/filmgeschichte-neue-unsicherheiten\/","title":{"rendered":"| Film History | New Uncertainties | <br><br>Austrian Documentary Cinema<br> in the 1990s"},"content":{"rendered":"<p>&nbsp;<\/p>\n<hr \/>\n<p>To accompany the film program, Czernin Verlag will publish the third volume in the <strong>Diagonale Edition<\/strong> series <strong><em>New Uncertainties \u2013 Austrian Documentary Cinema in the 1990s<\/em><\/strong><em>,<\/em> with contributions by Christa Bl\u00fcmlinger, Marko Dini\u0107, Silvia Hallensleben, Magdalena Miedl, Bert Rebhandl and Andreas Ungerb\u00f6ck.<\/p>\n<p>Available for \u20ac 12 at the festival box office at the Kunsthaus and online at \u2192 <a href=\"http:\/\/www.czernin-verlag.at\">czernin-verlag.at<\/a><\/p>\n<p>&nbsp;<\/p>\n<hr \/>\n<h6><span data-ccp-props=\"{&quot;201341983&quot;:0,&quot;335559740&quot;:276}\">The Films:<\/span><\/h6>\n<p><strong><a href=\"https:\/\/www.diagonale.at\/en\/filme-a-z\/?ftopic=finfo&#038;fid=13716\">Aufzeichnungen aus dem Tiefparterre<\/a><\/strong><br \/>\nRainer Frimmel<br \/>\nAT 2000, 91 min<\/p>\n<p><strong><a href=\"https:\/\/www.diagonale.at\/en\/filme-a-z\/?ftopic=finfo&#038;fid=13700\">Berlino<\/a><\/strong><br \/>\nValeska Grisebach<br \/>\nDE\/AT 1999, 35mm, 25 min<\/p>\n<p><strong><a href=\"https:\/\/www.diagonale.at\/en\/filme-a-z\/?ftopic=finfo&#038;fid=13717\">Draga Ljiljana \u2013 Liebe Ljiljana<\/a><\/strong><br \/>\nNina Kusturica<br \/>\nAT 2000, 30 min<\/p>\n<p><strong><a href=\"https:\/\/www.diagonale.at\/en\/filme-a-z\/?ftopic=finfo&#038;fid=13388\">H\u00f6henrausch<\/a><\/strong><br \/>\nSiegfried A. Fruhauf<br \/>\nAT 1999, 4 min<\/p>\n<p><strong><a href=\"https:\/\/www.diagonale.at\/en\/filme-a-z\/?ftopic=finfo&#038;fid=13386\">Das Jahr nach Dayton<\/a><\/strong><br \/>\nNikolas Geyrhalter<br \/>\nAT 1997, 204 min<\/p>\n<p><strong><a href=\"https:\/\/www.diagonale.at\/en\/filme-a-z\/?ftopic=finfo&#038;fid=13385\">Knittelfeld \u2013 Stadt ohne Geschichte<\/a><\/strong><br \/>\nGerhard Benedikt Friedl<br \/>\nAT\/DE 1997, 35 min<\/p>\n<p><strong><a href=\"https:\/\/www.diagonale.at\/en\/filme-a-z\/?ftopic=finfo&#038;fid=13384\">Postadresse: 2640 Schl\u00f6glm\u00fchl<\/a><\/strong><br \/>\nEgon Humer<br \/>\nAT 1990, 16mm, 85 min<\/p>\n<p><strong><a href=\"https:\/\/www.diagonale.at\/en\/filme-a-z\/?ftopic=finfo&#038;fid=13470\">Somewhere Else<\/a><\/strong><br \/>\nBarbara Albert<br \/>\nAT 1997, 60 min<\/p>\n<p><strong><a href=\"https:\/\/www.diagonale.at\/en\/filme-a-z\/?ftopic=finfo&#038;fid=13389\">Tito-Material<\/a><\/strong><br \/>\nElke Groen<br \/>\nAT 1998, 5 min<\/p>\n<p><strong><a href=\"https:\/\/www.diagonale.at\/en\/filme-a-z\/?ftopic=finfo&#038;fid=13387\">Totschweigen<\/a><\/strong><br \/>\nM. Heinrich, E. Erne<br \/>\nAT\/DE\/NL 1994, 89 min<\/p>\n<p><strong><a href=\"https:\/\/www.diagonale.at\/en\/filme-a-z\/?ftopic=finfo&#038;fid=13460\">Vorw\u00e4rts<\/a><\/strong><br \/>\nSusanne Freund<br \/>\nAT 1995, 35mm, 82 min<\/p>\n<p>n<\/p>\n<pre>xxx<\/pre>\n<div class=\"mceText\" data-block-id=\"56\">\n<div id=\"attachment_93052\" style=\"width: 534px\" class=\"wp-caption alignnone\"><img loading=\"lazy\" decoding=\"async\" aria-describedby=\"caption-attachment-93052\" class=\"wp-image-93052 size-large\" src=\"https:\/\/www.diagonale.at\/wp-content\/uploads\/2026\/01\/Postadresse-2640-Schloeglmuehl_D26-\u00a9-Prisma-Film_web-1067x600px-524x295.jpg\" alt=\"Frau sitzt und raucht\" width=\"524\" height=\"295\" srcset=\"https:\/\/www.diagonale.at\/wp-content\/uploads\/2026\/01\/Postadresse-2640-Schloeglmuehl_D26-\u00a9-Prisma-Film_web-1067x600px-524x295.jpg 524w, https:\/\/www.diagonale.at\/wp-content\/uploads\/2026\/01\/Postadresse-2640-Schloeglmuehl_D26-\u00a9-Prisma-Film_web-1067x600px-368x207.jpg 368w, https:\/\/www.diagonale.at\/wp-content\/uploads\/2026\/01\/Postadresse-2640-Schloeglmuehl_D26-\u00a9-Prisma-Film_web-1067x600px-176x99.jpg 176w, https:\/\/www.diagonale.at\/wp-content\/uploads\/2026\/01\/Postadresse-2640-Schloeglmuehl_D26-\u00a9-Prisma-Film_web-1067x600px-768x432.jpg 768w, https:\/\/www.diagonale.at\/wp-content\/uploads\/2026\/01\/Postadresse-2640-Schloeglmuehl_D26-\u00a9-Prisma-Film_web-1067x600px.jpg 1067w\" sizes=\"(max-width: 524px) 100vw, 524px\" \/><p id=\"caption-attachment-93052\" class=\"wp-caption-text\"><em>Postadresse: 2604 Schl\u00f6glm\u00fchl<\/em> by Egon Humer \u00a9 Prisma Film<\/p><\/div>\n<p>The 1990s can be seen as a phase of historical transition: political, social, and cultural orders were being readjusted. The collapse of the bipolar world order, global establishment of neoliberal economic and governmental models, and nascent digitization generated a situation of underlying insecurity. Longstanding visions of the future lost their validity, while new forms of political articulation and cultural representation emerged. In this sense, we understand the 1990s as a period in which history itself, also in the cinema, could be conceived anew: as a moment when the relationship of experience, memory, and representation itself became the subject of critical reflection.<\/p>\n<p>In Austria, the geopolitical shifts overlapped with specific domestic political and social upheavals. A structural transformation in industry, already foreseeable since the 1970s, increasingly called into question the labor movement\u2019s traditional organizational forms. While the social democratic economic policies of the Kreisky era were able to temporarily cushion this development, the situation intensified in the 1980s with the Social Democratic Party of Austria\u2019s loss of an absolute majority and the simultaneous rise of the Freedom Party of Austria. In a process similar to that of international role models, such as New Labour, class-based political narratives gave way to those centered on individualization, performance, and social mobility.<\/p>\n<p>At the same time, Austria was also directly affected by the consequences of upheavals in Eastern Europe. The collapse of Yugoslavia and the war in Bosnia led to migration movements that contemporized the existing debates about belonging and difference. Against this backdrop, also the meaning of historical concepts shifted: memory was no longer understood as a reliable compass, but as something constantly retold from differing perspectives. Archives no longer appeared as neutral sites of preservation, but as systems of order with blind spots; and history was understood as a narrative that is performatively produced. Questions about belonging, difference, and contradictory identities stepped to the forefront.<\/p>\n<p>These shifts also found resonance in Austrian cinema of the 1990s. A new generation of filmmakers began to question established narrative and representational forms. For this year\u2019s historical program, eleven films have been selected that pursue these upheavals with formal finesse\u2014documenting them, reflecting on them, or simply making them visible in the first place. With two exceptions, they are documentary films whose diversity points to a central development: the borders of the documentary became porous, and questions about what can be considered documentary representation itself became the object of aesthetic inquiry. Hybrid forms, essayistic approaches, and subjective perspectives added to or subverted classical representation patterns.<\/p>\n<p>Gerhard Benedikt Friedl\u2019s <strong><em>Knittelfeld \u2013 Stadt ohne Geschichte<\/em><\/strong> (1997) is paradigmatic in this regard. The violent genealogy of a family unfolds almost exclusively on the soundtrack, while in calm long shots, the camera presents a seemingly untouched small town. Between image and narration, a void emerges in which history becomes tangible as absence. <strong><em>Totschweigen<\/em><\/strong> (1994) by Margareta Heinrich and Eduard Erne likewise refrains from reconstruction, focusing instead on the persistent effects of silence surrounding the Rechnitz massacre: on excuses, ruptures, strategies of not saying anything. Egon Humer\u2019s <strong><em>Postadresse: 2640 Schl\u00f6glm\u00fchl<\/em><\/strong>(1990) documents the closure of a paper factory and the biographical upheavals that follow the loss of a job; in <strong><em>Aufzeichnungen aus dem Tiefparterre<\/em><\/strong> (2000, filmed between 1993 and 1999), Rainer Frimmel radicalizes this perspective even more in a fragmentary, subjective form that refuses any narrative of progress.<\/p>\n<p>Nikolaus Geyrhalter\u2019s <strong><em>Das Jahr nach Dayton<\/em><\/strong> (1997) portrays Bosnia after the peace agreement in long, static takes\u2014a landscape suspended between reconstruction and standstill, in which the experience of war continues to reverberate. <em><strong>Draga Ljiljana \u2013 Liebe Ljiljana<\/strong><\/em> (2000) by Nina Kusturica combines autobiographical reflection with the search for lost origins. The images oscillate between idyll and fractured memory; the attempt to process war and flight is articulated also in a sense of placelessness.<\/p>\n<p>In all these films, a central movement of the 1990s becomes manifest: critical perspectives aim to expose the conditions of representation rather than reveal new certainties. Visibility and omission, narration and silence find themselves in a field of tension. History appears as contested terrain, where memory, meaning, and power are continually renegotiated.<\/p>\n<p>As its starting point, <em>New Uncertainties<\/em> takes the complex of themes in these and many other films. It understands the works as living documents that yield new meanings over time\u2014of the social and societal upheavals, of changes in youth culture, and of how we view the visual worlds of the Yugoslav wars. In these works, what was still inconspicuous at the time they were made, becomes visible.<\/p>\n<p><span data-contrast=\"auto\">Curated by Dominik Kamalzadeh and Claudia Slanar. <\/span><span data-contrast=\"auto\">Diagonale <\/span>would like to thank the Filmarchiv Austria, the ORF Archive and the Austrian Film Museum for their support.<\/p>\n<p>&nbsp;<\/p>\n<hr \/>\n<p>As a complement to the <em>Film History<\/em> section, <a href=\"https:\/\/filmfriend.at\/de\/collections\/diagonale\">filmfriend<\/a>, the libraries\u2019 streaming service, presents additional Austrian documentary films from the 1990s, including works by directors such as Ruth Beckermann, Nikolaus Geyrhalter, and Michael Glawogger. In addition, more than 40 films from previous editions of the Diagonale are available to stream at\u00a0\u2192 <a href=\"https:\/\/filmfriend.at\/de\/collections\/diagonale\">filmfriend.at\/collections\/diagonale<\/a><\/p>\n<\/div>\n<p>&nbsp;<\/p>\n<pre>xxx<\/pre>\n<p>&nbsp;<\/p>\n","protected":false},"excerpt":{"rendered":"<p>&nbsp; To accompany the film program, Czernin Verlag will publish the third volume in the Diagonale Edition series New Uncertainties \u2013 Austrian Documentary Cinema in the 1990s, with contributions by Christa Bl\u00fcmlinger, Marko Dini\u0107, Silvia Hallensleben, Magdalena Miedl, Bert Rebhandl and Andreas Ungerb\u00f6ck. Available for \u20ac 12 at the festival box office at the Kunsthaus [&hellip;]<\/p>\n","protected":false},"author":37,"featured_media":0,"parent":0,"menu_order":0,"comment_status":"closed","ping_status":"closed","template":"","meta":{"footnotes":""},"class_list":["post-93051","page","type-page","status-publish","hentry"],"_links":{"self":[{"href":"https:\/\/www.diagonale.at\/en\/wp-json\/wp\/v2\/pages\/93051","targetHints":{"allow":["GET"]}}],"collection":[{"href":"https:\/\/www.diagonale.at\/en\/wp-json\/wp\/v2\/pages"}],"about":[{"href":"https:\/\/www.diagonale.at\/en\/wp-json\/wp\/v2\/types\/page"}],"author":[{"embeddable":true,"href":"https:\/\/www.diagonale.at\/en\/wp-json\/wp\/v2\/users\/37"}],"replies":[{"embeddable":true,"href":"https:\/\/www.diagonale.at\/en\/wp-json\/wp\/v2\/comments?post=93051"}],"version-history":[{"count":10,"href":"https:\/\/www.diagonale.at\/en\/wp-json\/wp\/v2\/pages\/93051\/revisions"}],"predecessor-version":[{"id":94787,"href":"https:\/\/www.diagonale.at\/en\/wp-json\/wp\/v2\/pages\/93051\/revisions\/94787"}],"wp:attachment":[{"href":"https:\/\/www.diagonale.at\/en\/wp-json\/wp\/v2\/media?parent=93051"}],"curies":[{"name":"wp","href":"https:\/\/api.w.org\/{rel}","templated":true}]}}