{"id":89969,"date":"2025-02-22T14:00:40","date_gmt":"2025-02-22T13:00:40","guid":{"rendered":"https:\/\/www.diagonale.at\/?page_id=89969"},"modified":"2025-04-01T20:01:51","modified_gmt":"2025-04-01T18:01:51","slug":"diagonale-schauspielpreise-25","status":"publish","type":"page","link":"https:\/\/www.diagonale.at\/en\/diagonale-schauspielpreise-25\/","title":{"rendered":"| Diagonale Acting Awards 2025 |"},"content":{"rendered":"<p>endowed with<\/p>\n<p><strong>je \u20ac 3.000 for two award winnders \u2014 donated by VdFS \u2013 the Film Industry&#8217;s Collecting Society<\/strong><\/p>\n<hr \/>\n<pre>xxx<\/pre>\n<p><strong>in Cooperation with the VdFS \u2013 the Film Industry&#8217;s Collecting Society for<br \/>\n| REMARKABLE PERFORMANCES BY AUSTRIAN ACTORS |<br \/>\n<\/strong><strong>in a Competition Film of the<\/strong><strong> Diagonale \u201925<\/strong><\/p>\n<p><strong>Florentina Holzinger<\/strong><br \/>\n<strong>Mond<\/strong><\/p>\n<p>Jury Statement:<br \/>\nHer ability to unite contradictions within herself \u2013 to question everything around her with her mere presence \u2013 makes Florentina Holzinger a true artistic exception. This has been evident throughout her impressive biography, which spans all genres, from performance and theater to opera.Now, she has made her mark in film with Kurdwin Ayub\u2019s <em>Mond<\/em>: The introverted aura and the vulnerable resilience with which she portrays the fighter Sarah, along with her remarkable ability to not speak or act, yet still allow us to connect with her inner life, make Florentina Holzinger a remarkable protagonist for cinema.<\/p>\n<p><strong>Marie-Luise Stockinger<\/strong><br \/>\n<strong>Gina<\/strong><\/p>\n<p>Jury Statement:<br \/>\nWithout illusions, unvarnished, and entirely unsentimental, Marie-Luise Stockinger embodies Gitte, the overwhelmed young mother pregnant with her fourth child, who is at risk of sinking under the weight of alcohol addiction and the remnants of lost joy. Her brutally honest portrayal of this struggling young woman won us over and transforms Ulrike Kofler&#8217;s raw, everyday story into a poignant film about life and hardship in the midst of our society.<br \/>\nMarie-Luise Stockinger\u2019s courage and authenticity lend dignity and hope to her difficult, failing character.<\/p>\n<p>&nbsp;<\/p>\n<h4><\/h4>\n<p>&nbsp;<\/p>\n<p>&nbsp;<\/p>\n<p><a href=\"https:\/\/www.diagonale.at\/en\/diagonale-jurys-2025\/\">Jury Acting Awards<\/a><br \/>\n<strong>Ute Baumhackl<\/strong> (Kleine Zeitung, AT)<br \/>\n<strong>Christian Konrad<\/strong> (Head of Film, ORF, AT)<br \/>\n<strong>Maria K\u00f6stlinger<\/strong> (Actress, AT)<br \/>\n<strong>Johanna Orsini<\/strong> (Actress, AT)<br \/>\n<strong>Michael Sturminger<\/strong> (Director, AT)<\/p>\n<p>&nbsp;<\/p>\n<p>&nbsp;<\/p>\n","protected":false},"excerpt":{"rendered":"<p>Diagonale-Schauspielpreise f\u00fcr einen bemerkenswerten Auftritt einer \u00f6sterreichischen Schauspielerin bzw. eines \u00f6sterreichischen Schauspielers.<\/p>\n","protected":false},"author":37,"featured_media":0,"parent":0,"menu_order":0,"comment_status":"closed","ping_status":"closed","template":"","meta":{"footnotes":""},"class_list":["post-89969","page","type-page","status-publish","hentry"],"_links":{"self":[{"href":"https:\/\/www.diagonale.at\/en\/wp-json\/wp\/v2\/pages\/89969","targetHints":{"allow":["GET"]}}],"collection":[{"href":"https:\/\/www.diagonale.at\/en\/wp-json\/wp\/v2\/pages"}],"about":[{"href":"https:\/\/www.diagonale.at\/en\/wp-json\/wp\/v2\/types\/page"}],"author":[{"embeddable":true,"href":"https:\/\/www.diagonale.at\/en\/wp-json\/wp\/v2\/users\/37"}],"replies":[{"embeddable":true,"href":"https:\/\/www.diagonale.at\/en\/wp-json\/wp\/v2\/comments?post=89969"}],"version-history":[{"count":0,"href":"https:\/\/www.diagonale.at\/en\/wp-json\/wp\/v2\/pages\/89969\/revisions"}],"wp:attachment":[{"href":"https:\/\/www.diagonale.at\/en\/wp-json\/wp\/v2\/media?parent=89969"}],"curies":[{"name":"wp","href":"https:\/\/api.w.org\/{rel}","templated":true}]}}