{"id":88252,"date":"2024-03-21T01:27:03","date_gmt":"2024-03-21T00:27:03","guid":{"rendered":"https:\/\/www.diagonale.at\/diagonale-schauspielpreise-24\/"},"modified":"2024-04-09T17:51:35","modified_gmt":"2024-04-09T15:51:35","slug":"diagonale-schauspielpreise-24","status":"publish","type":"page","link":"https:\/\/www.diagonale.at\/en\/diagonale-schauspielpreise-24\/","title":{"rendered":"Diagonale Acting Prizes &#8217;24"},"content":{"rendered":"<p>endowed with<\/p>\n<p><strong>\u20ac 3,000 each for two prize winners &#8211; donated by VdFS &#8211; the film industry&#8217;s collecting society<\/strong><\/p>\n<p>&nbsp;<\/p>\n<pre>xxx<\/pre>\n<p>&nbsp;<\/p>\n<h4>Diagonale Acting Prizes in Cooperation with the VdFS \u2013 Verwertungsgesellschaft der Filmschaffenden for remarkable performances by Austrian actors in a competition film a competition film of the Diagonale &#8217;24<\/h4>\n<p>&nbsp;<\/p>\n<h4>Birgit Minichmayr<br \/>\nMit einem Tiger schlafen<\/h4>\n<p>Jury statement: It&#8217;s hard not to feel a pang of muffle at this high wire walk through the life of Maria Lassnig, whom Birgit Minichmayr embodies in a breathtaking and congenial way, without a safety net and completely without a mask, from childhood to old age, she draws, like the artist herself, painfully under the skin and with the highest intensity, traces on the white canvas, which basically represent our common fate.<\/p>\n<p>&nbsp;<\/p>\n<h4>Voodoo J\u00fcrgens<br \/>\nRickerl \u2013 Musik is h\u00f6chstens a Hobby<\/h4>\n<p>Jury statement: In a wonderful ensemble, Voodoo J\u00fcrgens unfolds layer by layer to actor David \u00d6llerer, who brings the story of Rickerl from the Viennese suburbs to the big screen in a sensitive and impressive way. With his respectful and passionate interplay with all the characters, from big to small, he lets Rickerl fight for the life he thought he had lost, creating an irresistible power and closeness.<\/p>\n<p><a href=\"https:\/\/www.diagonale.at\/en\/diagonale-juries-2024\/\"><strong>Jury Acting Award<\/strong><\/a>:<br \/>\n<strong>Ute Baumhackl<\/strong> (Kleine Zeitung, AT)<br \/>\n<strong>Zeynep Buyra\u00e7<\/strong> (actress, AT)<br \/>\n<strong>Christian Konrad<\/strong> (Head of Film Department, ORF, AT)<br \/>\n<strong>Marion Mitterhammer<\/strong> (actress, AT)<br \/>\n<strong>Goran Rebi\u0107<\/strong> (director, AT)<\/p>\n<p>&nbsp;<\/p>\n","protected":false},"excerpt":{"rendered":"<p>Diagonale-Schauspielpreise f\u00fcr einen bemerkenswerten Auftritt einer \u00f6sterreichischen Schauspielerin bzw. eines \u00f6sterreichischen Schauspielers.<\/p>\n","protected":false},"author":37,"featured_media":0,"parent":0,"menu_order":0,"comment_status":"closed","ping_status":"closed","template":"","meta":{"footnotes":""},"class_list":["post-88252","page","type-page","status-publish","hentry"],"_links":{"self":[{"href":"https:\/\/www.diagonale.at\/en\/wp-json\/wp\/v2\/pages\/88252","targetHints":{"allow":["GET"]}}],"collection":[{"href":"https:\/\/www.diagonale.at\/en\/wp-json\/wp\/v2\/pages"}],"about":[{"href":"https:\/\/www.diagonale.at\/en\/wp-json\/wp\/v2\/types\/page"}],"author":[{"embeddable":true,"href":"https:\/\/www.diagonale.at\/en\/wp-json\/wp\/v2\/users\/37"}],"replies":[{"embeddable":true,"href":"https:\/\/www.diagonale.at\/en\/wp-json\/wp\/v2\/comments?post=88252"}],"version-history":[{"count":0,"href":"https:\/\/www.diagonale.at\/en\/wp-json\/wp\/v2\/pages\/88252\/revisions"}],"wp:attachment":[{"href":"https:\/\/www.diagonale.at\/en\/wp-json\/wp\/v2\/media?parent=88252"}],"curies":[{"name":"wp","href":"https:\/\/api.w.org\/{rel}","templated":true}]}}