{"id":86285,"date":"2024-03-04T15:48:08","date_gmt":"2024-03-04T14:48:08","guid":{"rendered":"https:\/\/www.diagonale.at\/?page_id=86285"},"modified":"2025-03-10T14:31:17","modified_gmt":"2025-03-10T13:31:17","slug":"team-2025","status":"publish","type":"page","link":"https:\/\/www.diagonale.at\/en\/team-2025\/","title":{"rendered":"| Diagonale | Team | 2025 |"},"content":{"rendered":"<p><strong>Festival Directors<br \/>\n<\/strong>Dominik Kamalzadeh, Claudia Slanar<\/p>\n<p><strong>Office Management<br \/>\n<\/strong>Mandana Tischeh<\/p>\n<p><strong>Press Office<br \/>\n<\/strong>Saskia Pramstaller, Katharina Fennesz, Clara Gruber,<\/p>\n<p><strong>Guest Office<br \/>\n<\/strong>Marie-Sophie Kero, Tanja Putzer, Luise H\u00f6ggerl<\/p>\n<p><strong>Jury Support<br \/>\n<\/strong>Semira Ali<\/p>\n<p><strong>Head of Production<br \/>\n<\/strong>Christian Sundl<br \/>\nPhilipp Forthuber<\/p>\n<p><strong>Production Graz<br \/>\n<\/strong>Natalie Pinter<\/p>\n<p><strong>Production Team<br \/>\n<\/strong>Lukas Bayer, Lotter Dallermassl, Kate Krachler, Dorothee Edler-Binder-Krieglstein, Michael Eisl, Katharina Krachler, Constanze Rebhandl, Thomas Romankiewicz, Thomas Schober, Amina Wagner, Gregor Wahl<\/p>\n<p><strong>Protocoll<\/strong><br \/>\nBarbara Lindner, G\u00f6ksen Yilmaz<\/p>\n<p><strong>Club Diagonale<br \/>\n<\/strong>Sadia Walizade<\/p>\n<p><strong>Program Consulting<\/strong><br \/>\nAlex Gerbaulet, Matthias Lerf, Bianca Jasmina Rauch<\/p>\n<p><strong>Programm Coordination<\/strong><br \/>\nSonja P\u00ebllumbi<\/p>\n<p><strong>Publication<br \/>\n<\/strong>Michael Pekler, Philipp Stadelmaier<\/p>\n<p><strong>Diagonale Film Meeting<br \/>\n<\/strong>Michael Zeindlinger<\/p>\n<p><strong>Disposition \/ Internal Communication<\/strong><br \/>\nDaniela-Katrin Strobl<\/p>\n<p><strong>Educational Outreach<br \/>\n<\/strong>Gudrun J\u00f6ller, Roman Fasching<\/p>\n<p><strong>Sustainablility<br \/>\n<\/strong>Anna Fras<\/p>\n<p><strong>Accounting<br \/>\n<\/strong>Susanne Holi, Monika Wagenhofer<\/p>\n<p><strong>Payroll Accounting<br \/>\n<\/strong>Evelyn Hruby<\/p>\n<p><strong>EDV<br \/>\n<\/strong>Heli Ammann, Manuel Himmler,<br \/>\nEvis Agaj, Philipp Poyer, Eugen Rieck<\/p>\n<p><strong>Art Direction \/ Graphic Design<br \/>\n<\/strong>Beton, Oliver Hofmann, Benjamin Buchegger<\/p>\n<p><strong>Diagonale Generalversammlung<br \/>\n<\/strong>Dagmar Streicher, Johannes Rosenberger, Andrea Maria Dusl, Gustav Ernst, Veronika Franz, Mathias Forberg, Bettina Henkel, Ernst Kieninger, Gabriele Kranzelbinder, Walter Mika, Paul Schwind, Thomas Angermair<\/p>\n<p><strong>Cleaning Staff<br \/>\n<\/strong>Germania-Reinigung | Rohrer Geb\u00e4udereinigung<\/p>\n<p>&nbsp;<\/p>\n<p>&nbsp;<\/p>\n<pre>xxx<\/pre>\n<p>&nbsp;<\/p>\n<p><strong><br \/>\nHead of Finance<br \/>\n<\/strong>Jannik Rakusa<\/p>\n<p><strong>Sponsoring<br \/>\n<\/strong>Heide Oberegger<\/p>\n<p><strong>Marketing<br \/>\n<\/strong>Pia Pivec, Lisa-Marie Kriegler<\/p>\n<p><strong>Cooperations und Media Cooperations<br \/>\n<\/strong>Nina Bedlivy, Michael Zeindlinger<\/p>\n<p><strong>Technical Management<br \/>\n<\/strong>Gerhard Baldasti, Markus Pega, Markus Z\u00f6chling<\/p>\n<p><strong>Venue Technicians<br \/>\n<\/strong>Martin van Broekhoven, Gerald Fink, Christopher Mondt, Gunter Oehme, Stephan Schaja, Volker Stieblich<\/p>\n<p><strong>Sound Engineering<br \/>\n<\/strong>Guido Granitz, Michael Riva, Josef Schauer, Christof Scherrer, Wendelin Thei\u00dfel, Gernot Urch<\/p>\n<p><strong>Print &amp; DCP Inspection<\/strong><br \/>\nNoah Essl, Martin Heigl, Alfred Hollerer<\/p>\n<p><strong>Projection<br \/>\n<\/strong>Mirjam Bromundt, Andreas Eli, Tina Guckenhan, Daniel Kundi, Johann Lurf, Markus Maicher, Christian Sch\u00f6n, Peter Sprenger, Kathinka Verhoeven, Andi Winter, Christian Zagler<\/p>\n<p><strong>Event Technicians<\/strong><br \/>\nKlaus Spitzbart-Kleewein, Romana Spitzbart-Kleewein<\/p>\n<p><strong>Location Design<br \/>\n<\/strong>Robert R\u00fcf<\/p>\n<p><strong>Saalregie<br \/>\n<\/strong>Luis Brettschuh, Albert Gramer, Nil Heigl, Viktoria Klammerth, Laura Pega, Laurenz Schlo\u0308gl, Konstantina Risovalis, Ge\u0301za Terner<\/p>\n<p><strong>Saalpersonal<br \/>\n<\/strong>Lauren Aldridge, Caroline Hengsberger, Nikolaus Kohout, Daniel Lesser, Marc Pietkiewicz, Kathrin Rehr, Manuela Sandri, Nora Stoiser<\/p>\n<p><strong>Ticketing<br \/>\n<\/strong>Paulina Maitz, Paul Wolff<\/p>\n<p><strong>Ticketing Team<\/strong><br \/>\nLily Ammann, Gudrun Becker, Simone Bscheiden, Timo B\u00fcrgler, Paula Ellmauer, Evangelos Evangelinidis, \u00a0Malte Henningsen, Rudolf Hevera, Oskar Maitz, Sarah Mueller, Helena Marit Oberholzer, Olgica Peri\u0107, Florian Pirker, Anna-Maria Renzhofer, Elias R\u00fcckborn, Raphael St\u00fcdeli, Marius Thelosen, Naomi Wood<\/p>\n<p><strong>Festival Photographers<\/strong><br \/>\nMiriam Raneburger, Harald Wawrzyniak, Clara Wildberger<\/p>\n<p><strong>Drivers<br \/>\n<\/strong>Christian Jalen, Shirin Hooshmandi<\/p>\n<p><strong>Translations<\/strong><br \/>\nLisa Rosenblatt \/ Dream Coordination Office, John Wojtowicz<\/p>\n<p><strong>Proof Reading<\/strong><br \/>\nKatharina Sacken<\/p>\n<p><strong><a href=\"https:\/\/www.diagonale.at\/autorinnen-filmtexte\/\">Filmtexte<\/a><br \/>\n<\/strong><span class=\"TextRun SCXW251008103 BCX4\" lang=\"EN-US\" xml:lang=\"EN-US\" data-contrast=\"auto\"><span class=\"NormalTextRun SCXW251008103 BCX4\">Esther Buss<\/span><span class=\"NormalTextRun SCXW251008103 BCX4\">, <\/span><\/span><span class=\"TextRun SCXW251008103 BCX4\" lang=\"EN-US\" xml:lang=\"EN-US\" data-contrast=\"auto\"><span class=\"NormalTextRun SCXW251008103 BCX4\">Yun-<\/span><span class=\"NormalTextRun SpellingErrorV2Themed SCXW251008103 BCX4\">hua<\/span><span class=\"NormalTextRun SCXW251008103 BCX4\"> Chen<\/span><span class=\"NormalTextRun SCXW251008103 BCX4\">, <\/span><span class=\"NormalTextRun SCXW251008103 BCX4\">Lukas Foerster<\/span><span class=\"NormalTextRun SCXW251008103 BCX4\">, <\/span><\/span><span class=\"TextRun SCXW251008103 BCX4\" lang=\"EN-US\" xml:lang=\"EN-US\" data-contrast=\"auto\"><span class=\"NormalTextRun SCXW251008103 BCX4\">Susanne Gottlieb<\/span><span class=\"NormalTextRun SCXW251008103 BCX4\">, <\/span><\/span><span class=\"TextRun SCXW251008103 BCX4\" lang=\"DE-AT\" xml:lang=\"DE-AT\" data-contrast=\"auto\"><span class=\"NormalTextRun SCXW251008103 BCX4\">Lisa Heuschober<\/span><span class=\"NormalTextRun SCXW251008103 BCX4\">, <\/span><span class=\"NormalTextRun SCXW251008103 BCX4\">Michelle Koch<\/span><span class=\"NormalTextRun SCXW251008103 BCX4\">, <\/span><\/span><span class=\"TextRun SCXW251008103 BCX4\" lang=\"DE-AT\" xml:lang=\"DE-AT\" data-contrast=\"auto\"><span class=\"NormalTextRun SCXW251008103 BCX4\">Eva K\u00f6nigshofen<\/span><span class=\"NormalTextRun SCXW251008103 BCX4\">, <\/span><\/span><span class=\"TextRun SCXW251008103 BCX4\" lang=\"DE-AT\" xml:lang=\"DE-AT\" data-contrast=\"auto\"><span class=\"NormalTextRun SCXW251008103 BCX4\">Anna Katharina <\/span><span class=\"NormalTextRun SpellingErrorV2Themed SCXW251008103 BCX4\">Laggner<\/span><span class=\"NormalTextRun SCXW251008103 BCX4\">, <\/span><span class=\"NormalTextRun SCXW251008103 BCX4\">Brigitte Mayr<\/span><span class=\"NormalTextRun SCXW251008103 BCX4\">, <\/span><span class=\"NormalTextRun SCXW251008103 BCX4\" data-ccp-charstyle=\"Strong\">Michael <\/span><span class=\"NormalTextRun SpellingErrorV2Themed SpellingErrorHighlight SCXW251008103 BCX4\" data-ccp-charstyle=\"Strong\">Omasta<\/span><span class=\"NormalTextRun SCXW251008103 BCX4\" data-ccp-charstyle=\"Strong\">, <\/span><span class=\"NormalTextRun SCXW251008103 BCX4\" data-ccp-charstyle=\"Strong\">Michael <\/span><span class=\"NormalTextRun SpellingErrorV2Themed SCXW251008103 BCX4\" data-ccp-charstyle=\"Strong\">Pekler<\/span><span class=\"NormalTextRun SCXW251008103 BCX4\" data-ccp-charstyle=\"Strong\">, <\/span><\/span><span class=\"TextRun SCXW251008103 BCX4\" lang=\"DE-AT\" xml:lang=\"DE-AT\" data-contrast=\"auto\"><span class=\"NormalTextRun SCXW251008103 BCX4\">Bert <\/span><span class=\"NormalTextRun SCXW251008103 BCX4\">Rebhandl<\/span><span class=\"NormalTextRun SCXW251008103 BCX4\">, <\/span><span class=\"NormalTextRun SCXW251008103 BCX4\">Philipp Stadelmaier<\/span><span class=\"NormalTextRun SCXW251008103 BCX4\">, <\/span><span class=\"NormalTextRun SCXW251008103 BCX4\">Anna Steinbauer<\/span><span class=\"NormalTextRun SCXW251008103 BCX4\">, <\/span><\/span><span class=\"TextRun SCXW251008103 BCX4\" lang=\"DE-AT\" xml:lang=\"DE-AT\" data-contrast=\"auto\"><span class=\"NormalTextRun SCXW251008103 BCX4\">Raphael <\/span><span class=\"NormalTextRun SpellingErrorV2Themed SCXW251008103 BCX4\">St\u00fcdeli<\/span><span class=\"NormalTextRun SCXW251008103 BCX4\">, <\/span><\/span><span class=\"TextRun SCXW251008103 BCX4\" lang=\"DE-AT\" xml:lang=\"DE-AT\" data-contrast=\"auto\"><span class=\"NormalTextRun SCXW251008103 BCX4\">Fabian <\/span><span class=\"NormalTextRun SCXW251008103 BCX4\">Tietke<\/span><span class=\"NormalTextRun SCXW251008103 BCX4\">, <\/span><\/span><span class=\"TextRun SCXW251008103 BCX4\" lang=\"DE-AT\" xml:lang=\"DE-AT\" data-contrast=\"auto\"><span class=\"NormalTextRun SCXW251008103 BCX4\">Andreas <\/span><span class=\"NormalTextRun SpellingErrorV2Themed SCXW251008103 BCX4\">Ungerb\u00f6ck<\/span><span class=\"NormalTextRun SCXW251008103 BCX4\">, <\/span><\/span><span class=\"TextRun SCXW251008103 BCX4\" lang=\"DE-AT\" xml:lang=\"DE-AT\" data-contrast=\"auto\"><span class=\"NormalTextRun SCXW251008103 BCX4\">Dennis Vetter<\/span><span class=\"NormalTextRun SCXW251008103 BCX4\">, <\/span><span class=\"NormalTextRun SCXW251008103 BCX4\">Carolin Weidner<\/span><span class=\"NormalTextRun SCXW251008103 BCX4\">, <\/span><\/span><span class=\"TextRun SCXW251008103 BCX4\" lang=\"DE-AT\" xml:lang=\"DE-AT\" data-contrast=\"auto\"><span class=\"NormalTextRun SCXW251008103 BCX4\">Naomi Wood<\/span><\/span><\/p>\n","protected":false},"excerpt":{"rendered":"<p>Festival Directors Dominik Kamalzadeh, Claudia Slanar Office Management Mandana Tischeh Press Office Saskia Pramstaller, Katharina Fennesz, Clara Gruber, Guest Office Marie-Sophie Kero, Tanja Putzer, Luise H\u00f6ggerl Jury Support Semira Ali Head of Production Christian Sundl Philipp Forthuber Production Graz Natalie Pinter Production Team Lukas Bayer, Lotter Dallermassl, Kate Krachler, Dorothee Edler-Binder-Krieglstein, Michael Eisl, Katharina Krachler, [&hellip;]<\/p>\n","protected":false},"author":39,"featured_media":0,"parent":0,"menu_order":0,"comment_status":"closed","ping_status":"closed","template":"page-2spalter.php","meta":{"footnotes":""},"class_list":["post-86285","page","type-page","status-publish","hentry"],"_links":{"self":[{"href":"https:\/\/www.diagonale.at\/en\/wp-json\/wp\/v2\/pages\/86285","targetHints":{"allow":["GET"]}}],"collection":[{"href":"https:\/\/www.diagonale.at\/en\/wp-json\/wp\/v2\/pages"}],"about":[{"href":"https:\/\/www.diagonale.at\/en\/wp-json\/wp\/v2\/types\/page"}],"author":[{"embeddable":true,"href":"https:\/\/www.diagonale.at\/en\/wp-json\/wp\/v2\/users\/39"}],"replies":[{"embeddable":true,"href":"https:\/\/www.diagonale.at\/en\/wp-json\/wp\/v2\/comments?post=86285"}],"version-history":[{"count":0,"href":"https:\/\/www.diagonale.at\/en\/wp-json\/wp\/v2\/pages\/86285\/revisions"}],"wp:attachment":[{"href":"https:\/\/www.diagonale.at\/en\/wp-json\/wp\/v2\/media?parent=86285"}],"curies":[{"name":"wp","href":"https:\/\/api.w.org\/{rel}","templated":true}]}}