{"id":82542,"date":"2023-02-03T11:42:29","date_gmt":"2023-02-03T10:42:29","guid":{"rendered":"https:\/\/www.diagonale.at\/?page_id=82542"},"modified":"2023-02-03T12:04:58","modified_gmt":"2023-02-03T11:04:58","slug":"eroeffnungsfilm23","status":"publish","type":"page","link":"https:\/\/www.diagonale.at\/en\/eroeffnungsfilm23\/","title":{"rendered":"Opening films\u201923: <i>Das Tier im Dschungel<\/i> by Patric Chiha and <i>NYC RGB<\/i> by Viktoria Schmid"},"content":{"rendered":"<p>&nbsp;<\/p>\n<pre>xxx<\/pre>\n<div id=\"attachment_82447\" style=\"width: 1810px\" class=\"wp-caption alignnone\"><img loading=\"lazy\" decoding=\"async\" aria-describedby=\"caption-attachment-82447\" class=\"wp-image-82447 size-full\" src=\"https:\/\/www.diagonale.at\/wp-content\/uploads\/2023\/01\/Das-Tier-im-Dschungel-Patric-Chiha-_-Tom-Mercier-und-Anais-Demoustier-\u00a9-Elsa-Okazaki.jpg\" alt=\"\" width=\"1800\" height=\"1350\" srcset=\"https:\/\/www.diagonale.at\/wp-content\/uploads\/2023\/01\/Das-Tier-im-Dschungel-Patric-Chiha-_-Tom-Mercier-und-Anais-Demoustier-\u00a9-Elsa-Okazaki.jpg 1800w, https:\/\/www.diagonale.at\/wp-content\/uploads\/2023\/01\/Das-Tier-im-Dschungel-Patric-Chiha-_-Tom-Mercier-und-Anais-Demoustier-\u00a9-Elsa-Okazaki-368x276.jpg 368w, https:\/\/www.diagonale.at\/wp-content\/uploads\/2023\/01\/Das-Tier-im-Dschungel-Patric-Chiha-_-Tom-Mercier-und-Anais-Demoustier-\u00a9-Elsa-Okazaki-524x393.jpg 524w, https:\/\/www.diagonale.at\/wp-content\/uploads\/2023\/01\/Das-Tier-im-Dschungel-Patric-Chiha-_-Tom-Mercier-und-Anais-Demoustier-\u00a9-Elsa-Okazaki-176x132.jpg 176w, https:\/\/www.diagonale.at\/wp-content\/uploads\/2023\/01\/Das-Tier-im-Dschungel-Patric-Chiha-_-Tom-Mercier-und-Anais-Demoustier-\u00a9-Elsa-Okazaki-768x576.jpg 768w, https:\/\/www.diagonale.at\/wp-content\/uploads\/2023\/01\/Das-Tier-im-Dschungel-Patric-Chiha-_-Tom-Mercier-und-Anais-Demoustier-\u00a9-Elsa-Okazaki-1536x1152.jpg 1536w\" sizes=\"(max-width: 1800px) 100vw, 1800px\" \/><p id=\"caption-attachment-82447\" class=\"wp-caption-text\">Das Tier im Dschungel \u00a9 Elsa Okazaki<\/p><\/div>\n<p>The Diagonale is pleased to announce that the Festival of Austrian Film will open on Tuesday, March 21 with Patric Chiha\u2019s feature film <em>Das Tier im Dschungel<\/em> (<em>La b\u00eate dans la jungle<\/em>, AT\/BE\/FR 2023, 103 min). This year, the feature film will be accompanied by Viktoria Schmid\u2019s experimental miniature <em>NYC RGB<\/em> (US\/AT 2023, 7 min), whose world premiere marks the start of the gala evening.<\/p>\n<p>Following its world premiere at the Berlinale, <em>Das Tier im Dschungel<\/em> co-produced by Ebba Sinzinger and Vincent Lucassen (WILDart FILM) will have its Austrian premiere on the country&#8217;s largest temporary screen \u2013 in the Helmut List Halle \u2013 attended by Patric Chiha, Karina Ressler (editing), Dino Spiluttini (original music), C\u00e9line Bozon (cinematography), the producers, and part of the international acting ensemble around Ana\u00efs Demoustier, Tom Mercier, B\u00e9atrice Dalle, and Martin Vischer. Patric Chiha\u2019s <em>Das Tier im Dschungel<\/em> is a pulsating ode to big city club culture, a plea for the liberating power of losing oneself in the intoxication of dance, life, and love. With <em>NYC RGB<\/em> on the other hand, Viktoria Schmid shows a view of New York shifted through historical color film processes \u2013 proving cinema\u2019s potential for bursting open reality.<\/p>\n<p class=\"p3\"><span class=\"s1\">\u201eWe are delighted to embark on the final Diagonale opening night for which we are responsible with a program that addresses the world: Patric Chiha\u2019s cinema has always refused geographical and genre-specific ascriptions. <em>Das Tier im Dschungel<\/em> is a melancholic, beautiful film with the greatest elegance and fascinating grace. That is a true stroke of luck, not only in times like these. Rarely has Austrian film been so glamorous or cinema, pop, and club cultures so close to one another against the background of historical events of the twentieth century. Cinema in this country has rarely articulated itself more confidently as a machine of longing and desire. As a prelude and kindred spirit: <em>NYC RGB<\/em>, Viktoria Schmid\u2019s \u2018color-shifted\u2019 ode to cinema, to film history, and the inextricably interwoven city New York. With Patric Chiha and Viktoria Schmid, all of the themes and motifs that have fascinated us over the years lead beyond the screen to the festival: music, pop \u2013 and last but not least, cinema itself. But most of all: longing and love. A double pack of sensuality! We are extremely pleased to dive into an exhilarating night together with the opening audience.<\/span>\u201c<br \/>\n\u2014\u2014\u2014 Sebastian H\u00f6glinger and Peter Schernhuber, Festival directors<\/p>\n<div id=\"attachment_82449\" style=\"width: 1810px\" class=\"wp-caption alignnone\"><img loading=\"lazy\" decoding=\"async\" aria-describedby=\"caption-attachment-82449\" class=\"wp-image-82449 size-full\" src=\"https:\/\/www.diagonale.at\/wp-content\/uploads\/2023\/01\/NYC-RGB-Viktoria-Schmid-_-Still-1-\u00a9-Viktoria-Schmid.jpg\" alt=\"\" width=\"1800\" height=\"1350\" srcset=\"https:\/\/www.diagonale.at\/wp-content\/uploads\/2023\/01\/NYC-RGB-Viktoria-Schmid-_-Still-1-\u00a9-Viktoria-Schmid.jpg 1800w, https:\/\/www.diagonale.at\/wp-content\/uploads\/2023\/01\/NYC-RGB-Viktoria-Schmid-_-Still-1-\u00a9-Viktoria-Schmid-368x276.jpg 368w, https:\/\/www.diagonale.at\/wp-content\/uploads\/2023\/01\/NYC-RGB-Viktoria-Schmid-_-Still-1-\u00a9-Viktoria-Schmid-524x393.jpg 524w, https:\/\/www.diagonale.at\/wp-content\/uploads\/2023\/01\/NYC-RGB-Viktoria-Schmid-_-Still-1-\u00a9-Viktoria-Schmid-176x132.jpg 176w, https:\/\/www.diagonale.at\/wp-content\/uploads\/2023\/01\/NYC-RGB-Viktoria-Schmid-_-Still-1-\u00a9-Viktoria-Schmid-768x576.jpg 768w, https:\/\/www.diagonale.at\/wp-content\/uploads\/2023\/01\/NYC-RGB-Viktoria-Schmid-_-Still-1-\u00a9-Viktoria-Schmid-1536x1152.jpg 1536w\" sizes=\"(max-width: 1800px) 100vw, 1800px\" \/><p id=\"caption-attachment-82449\" class=\"wp-caption-text\">NYC RGB, Viktoria Schmid \u00a9 Viktoria Schmid<\/p><\/div>\n<h3 class=\"p1\"><em>Das Tier im Dschungel<\/em><\/h3>\n<p>\u201cWe have to dance, nobody can take that away from us.\u201d In a nightclub in the big city, a mysterious secret binds the two protagonists May and John for more than twenty years. While they wait for it to occur, music, fashion, and current affairs are in a constant state of flux. A pulsating ode to club culture and a plea for the liberating power of losing oneself in the intoxication of dance, life, and love.<\/p>\n<h3 class=\"p1\"><em>NYC RGB<\/em><\/h3>\n<p>With <em>NYC RGB <\/em>Viktoria Schmid shows us a view of New York that we\u2019ve never seen before, made possible by historical color film processes. The material, triple exposed with different color filters, mixes colors, space, and time to a perception that is possible only in film. Evidence of cinema\u2019s potential for bursting open reality.<\/p>\n<p>&nbsp;<\/p>\n<p>&nbsp;<\/p>\n<div class=\"mceTemp\"><\/div>\n<p>&nbsp;<\/p>\n<pre>xxx<\/pre>\n<p>&nbsp;<\/p>\n<p>&nbsp;<\/p>\n<p>&nbsp;<\/p>\n","protected":false},"excerpt":{"rendered":"<p>Das Tier im Dschungel by Patric Chiha and NYC RGB by Viktoria Schmid open the Diagonale\u201923.<\/p>\n","protected":false},"author":39,"featured_media":0,"parent":0,"menu_order":0,"comment_status":"closed","ping_status":"closed","template":"","meta":{"footnotes":""},"class_list":["post-82542","page","type-page","status-publish","hentry"],"_links":{"self":[{"href":"https:\/\/www.diagonale.at\/en\/wp-json\/wp\/v2\/pages\/82542","targetHints":{"allow":["GET"]}}],"collection":[{"href":"https:\/\/www.diagonale.at\/en\/wp-json\/wp\/v2\/pages"}],"about":[{"href":"https:\/\/www.diagonale.at\/en\/wp-json\/wp\/v2\/types\/page"}],"author":[{"embeddable":true,"href":"https:\/\/www.diagonale.at\/en\/wp-json\/wp\/v2\/users\/39"}],"replies":[{"embeddable":true,"href":"https:\/\/www.diagonale.at\/en\/wp-json\/wp\/v2\/comments?post=82542"}],"version-history":[{"count":0,"href":"https:\/\/www.diagonale.at\/en\/wp-json\/wp\/v2\/pages\/82542\/revisions"}],"wp:attachment":[{"href":"https:\/\/www.diagonale.at\/en\/wp-json\/wp\/v2\/media?parent=82542"}],"curies":[{"name":"wp","href":"https:\/\/api.w.org\/{rel}","templated":true}]}}