{"id":81737,"date":"2019-01-31T15:45:04","date_gmt":"2019-01-31T14:45:04","guid":{"rendered":"https:\/\/www.diagonale.at\/zur-person-hanno-poeschl\/"},"modified":"2022-10-18T13:08:39","modified_gmt":"2022-10-18T11:08:39","slug":"zur-person-hanno-poeschl","status":"publish","type":"page","link":"https:\/\/www.diagonale.at\/en\/zur-person-hanno-poeschl\/","title":{"rendered":"Spotlight on: Hanno P\u00f6schl"},"content":{"rendered":"<pre>xxx<\/pre>\n<div id=\"attachment_56368\" style=\"width: 534px\" class=\"wp-caption alignnone\"><img loading=\"lazy\" decoding=\"async\" aria-describedby=\"caption-attachment-56368\" class=\"size-large wp-image-56368\" src=\"http:\/\/www.diagonale.at\/wp-content\/uploads\/2019\/01\/Hanno-Poeschl_PIBERNIG_01-\u00a9-DiagonalePaul-Pibernig-524x355.jpg\" alt=\"\" width=\"524\" height=\"355\" srcset=\"https:\/\/www.diagonale.at\/wp-content\/uploads\/2019\/01\/Hanno-Poeschl_PIBERNIG_01-\u00a9-DiagonalePaul-Pibernig-524x355.jpg 524w, https:\/\/www.diagonale.at\/wp-content\/uploads\/2019\/01\/Hanno-Poeschl_PIBERNIG_01-\u00a9-DiagonalePaul-Pibernig-368x250.jpg 368w, https:\/\/www.diagonale.at\/wp-content\/uploads\/2019\/01\/Hanno-Poeschl_PIBERNIG_01-\u00a9-DiagonalePaul-Pibernig-176x119.jpg 176w, https:\/\/www.diagonale.at\/wp-content\/uploads\/2019\/01\/Hanno-Poeschl_PIBERNIG_01-\u00a9-DiagonalePaul-Pibernig-768x521.jpg 768w, https:\/\/www.diagonale.at\/wp-content\/uploads\/2019\/01\/Hanno-Poeschl_PIBERNIG_01-\u00a9-DiagonalePaul-Pibernig-1536x1042.jpg 1536w, https:\/\/www.diagonale.at\/wp-content\/uploads\/2019\/01\/Hanno-Poeschl_PIBERNIG_01-\u00a9-DiagonalePaul-Pibernig-2048x1389.jpg 2048w\" sizes=\"(max-width: 524px) 100vw, 524px\" \/><p id=\"caption-attachment-56368\" class=\"wp-caption-text\">Hanno P\u00f6schl \u00a9 Diagonale\/Paul Pibernig<\/p><\/div>\n<p><strong>An exceptional actor in the spotlight of the Diagonale\u201919<\/strong><\/p>\n<h3><u>A Viennese man of the world in the cinema<\/u><\/h3>\n<p>Those who have had the pleasure of experiencing Hanno P\u00f6schl on TV, in the movies, or on stage, will surely remember the charismatic man from Vienna. The actor P\u00f6schl has worked in numerous films, television series, and theater productions as an unmistakable embodiment of the archetypical \u201cHomo Austriacus.\u201d He has frequently played a grumpy urbanite or shady lowlife \u2013 supposedly superficial roles, which in his case, however, turn out to be complex characters when taking a closer look. And finally, the aura of his roles, embodied with an ever-present verve and emphatic nonchalance, brought P\u00f6schl from Vienna to the world\u2019s cinemas.<\/p>\n<p>In its <u>Spotlight on<\/u> series, the Diagonale\u201919 is devoting a film program to one of Austria\u2019s most interesting and highly charismatic actors. And by following along the biography of Hanno P\u00f6schl, also allows for reflection on the most recent history of Austrian cinema.<\/p>\n<p>Hanno P\u00f6schl will be present at all screenings. The series will be complemented by an extensive Diagonale im Dialog following the screening of <em>Querelle<\/em>.<\/p>\n<h3><u>The life of an allrounder<br \/>\nOr: From handicraft to the craftsmanship of <\/u><span style=\"text-decoration: underline;\">acting<\/span><\/h3>\n<p>Hanno P\u00f6schl\u2019s biography is just as fascinating and diverse as his acting engagements. P\u00f6schl grew up in Vienna and after completing his apprenticeship as a confectioner, worked at a car wash, as an auto mechanic, a representative, an asphalt layer, candle maker, driver for a forwarding company, and at a vineyard. After attending the Lamberg-Offer acting school, he worked as an assistant director and performer in the Circus Roncalli.<\/p>\n<p>His acting career, on the other hand, began in the theater. Hanno P\u00f6schl first had guest appearances in Vienna with the Ensemble Theater, at the Akademietheater, and also at the Schauspielhaus, where he then had a permanent engagement beginning in 1974. His distinctive acting ultimately led him to Vienna\u2019s Burgtheater. After his performance in the role of the Fiscur in Ferenc Moln\u00e1r\u2019s <em>Liliom<\/em> in 1992, he became a permanent member of the ensemble under Claus Peymann. In the course of his theater career, it was the collaboration with greats such as Hans Gratzer, George Tabori, and Frank Castorf, that increasingly solidified P\u00f6schl\u2019s reputation as an experienced actor.<\/p>\n<p>The film adaptation of one of the most famous Austrian theater plays marked Hanno P\u00f6schl\u2019s entry into the world of film in 1979. His role alongside Helmut Qualtinger and Birgit Doll in Maximilian Schell\u2019s <em>Geschichten aus dem Wiener Wald <\/em>(AT 1979) based on \u00d6d\u00f6n von Horv\u00e1th lay the cornerstone for a long career in film. In 1980, P\u00f6schl could be seen together with Paulus Manker in Franz Novotny\u2019s film <em>Exit \u2026 Nur keine Panik<\/em> (AT\/BRD 1980). An equally legendary and controversial milestone of the then young, so-called new Austrian film.<\/p>\n<p>As a result, P\u00f6schl\u2019s film career took off further. He thus appeared in numerous German-language film and television productions \u2013 often with his devilish grin and a charisma that rarely lacked a typical Viennese duplicity. Roles in <em>Kir Royal<\/em>, <em>Ein Fall f\u00fcr zwei<\/em>, <em>Der Alte<\/em>, <em>Derrick<\/em>, <em>Kaiserm\u00fchlen Blues<\/em>, and last but not least, <em>Kottan ermittelt<\/em>: <em>Der Geburtstag (Folge 2)<\/em> (D: Peter Patzak, AT 1977) and also in <em>Die Industrie entl\u00e4sst ihre Kinder<\/em> (D: Claus Homschak, AT 1976) made P\u00f6schl one of the most well-known television faces of the 1980s.<\/p>\n<div id=\"attachment_56369\" style=\"width: 534px\" class=\"wp-caption alignnone\"><img loading=\"lazy\" decoding=\"async\" aria-describedby=\"caption-attachment-56369\" class=\"size-large wp-image-56369\" src=\"http:\/\/www.diagonale.at\/wp-content\/uploads\/2019\/01\/Bildschirmfoto-2019-01-31-um-00.02.03-524x345.png\" alt=\"\" width=\"524\" height=\"345\" srcset=\"https:\/\/www.diagonale.at\/wp-content\/uploads\/2019\/01\/Bildschirmfoto-2019-01-31-um-00.02.03-524x345.png 524w, https:\/\/www.diagonale.at\/wp-content\/uploads\/2019\/01\/Bildschirmfoto-2019-01-31-um-00.02.03-368x243.png 368w, https:\/\/www.diagonale.at\/wp-content\/uploads\/2019\/01\/Bildschirmfoto-2019-01-31-um-00.02.03-176x116.png 176w, https:\/\/www.diagonale.at\/wp-content\/uploads\/2019\/01\/Bildschirmfoto-2019-01-31-um-00.02.03.png 675w\" sizes=\"(max-width: 524px) 100vw, 524px\" \/><p id=\"caption-attachment-56369\" class=\"wp-caption-text\">Der Stille Ozean \u00a9 Filmarchiv Austria<\/p><\/div>\n<p>Prominent as an undisputed climax in the dense oeuvre of Hanno P\u00f6schl is the collaboration with the exceptional German director Rainer Werner Fassbinder shortly before Fassbinder\u2019s premature death: In 1982, P\u00f6schl was part of the cast for Fassbinder\u2019s final feature film <em>Querelle<\/em> (BRD\/FR 1982), during the production of which he is meant to have once again met Roger Fritz. Already 1981, Hanno P\u00f6schl acted in Roger Fritz\u2019s Film <em>Frankfurt Kaiserstra\u00dfe<\/em>. Here again, P\u00f6schl acted in a shady milieu, in a role that, more than ever before, was considerably more complex than visible at first glance. A role with dissident, subversive, and queer potential \u2013 albeit in an entirely different tonality than in Fassbinder\u2019s masterpiece <em>Querelle<\/em>. When Fassbinder\u2019s cameraman Xaver Schwarzenberger celebrated his directing debut in 1983 with the filming of Gerhard Roth\u2019s novel <em>Der Stille Ozean<\/em> (AT\/BRD 1983), P\u00f6schl had the chance to present his broad acting repertoire in a much more serious, introverted role without having to forgo his distinctive gestures.<\/p>\n<p>In the 1990s, P\u00f6schl appeared in the role of the mechanic Max in the television series <em>Medicopter 117<\/em>. P\u00f6schl\u2019s acting, with its remarkable earnest, and simultaneous lightness, allowed him to master even such low-threshold formats. His ability to make milieus, and also an entire world tangible by means of minimal gestures and in extremely brief appearances, also fascinated the world cinema: A guest appearance in <em>James Bond 007 \u2013 The Living Daylights<\/em>\u00a0was followed by one in 1995 in Richard Linklater\u2019s legendary film shot in Vienna, <em>Before Sunrise<\/em>, which would make the city and its unmistakable characters popular far beyond the borders. Before withdrawing from acting, P\u00f6schl connected with his great cinema roles one final time in 2008 in G\u00f6tz Spielmann\u2019s Oscar nominee film <em>Revanche<\/em> (AT 2008). Ever since, other than a short intermezzo on the satirical television series <em>B\u00d6sterreich<\/em>, the inimitable P\u00f6schl has rarely appeared on the movie screen or television.<\/p>\n<h3><u>The host who was once an actor<\/u><\/h3>\n<p>Hanno P\u00f6schl has always had an uncompromisingly (self-)critical and refreshing relationship to the branch and to his artistic oeuvre. That might have something to do with the fact that he has always had a business on the side. As a restaurant proprietor, he has created a legendary gathering place, his Kleines Caf\u00e9 at Franziskanerplatz, which he continues to run today.<\/p>\n<p>Hanno P\u00f6schl is celebrating his 70<sup>th<\/sup> birthday in 2019. Listening to him talk about his checkered and moving career is far more than a mere succession of anecdotes. Several decades of Austrian and international film and cinema history come alive and become tangible in all their facets and contradictions. With great pleasure, the Diagonale awaits an eye-opening and buoyant journey through the oeuvre of the actor Hanno P\u00f6schl.<\/p>\n<p>The film program <u>Spotlight on: Hanno P\u00f6schl<\/u> is complementary and supplementary to the historical special program <u>On-Images: Projected Femininity(ies)<\/u>.<\/p>\n<h3><u>Film program Spotlight on: Hanno P\u00f6schl<\/u><\/h3>\n<p>\u2014 <em>Der Stille Ozean<\/em> (D: Xaver Schwarzenberger, AT\/BRD 1983)<br \/>\n\u2014 <em>Die Industrie entl\u00e4sst ihre Kinder<\/em> (D: Claus Homschak, AT 1976)<br \/>\n\u2014 <em>Exit \u2026 Nur keine Panik<\/em> (D: Franz Novotny, AT\/BRD 1980)<br \/>\n\u2014 <em>Geschichten aus dem Wiener Wald<\/em> (D: Maximilian Schell, AT 1979)<br \/>\n\u2014 <em>Kottan ermittelt: Der Geburtstag (Folge 2)<\/em> (D: Peter Patzak, AT 1977)<br \/>\n\u2014 <em>Querelle<\/em> (D: Rainer Werner Fassbinder, BRD\/FR 1982) \u2013 followed by Diagonale im Dialog with Claus Philipp.<br \/>\n\u2014 <em>Revanche<\/em> (D: G\u00f6tz Spielmann, AT 2008)<\/p>\n<p>&nbsp;<\/p>\n<pre>xxx<\/pre>\n<p>&nbsp;<\/p>\n","protected":false},"excerpt":{"rendered":"<p>In der Reihe Zur Person widmet sich die Diagonale\u201919 einer der interessantesten und nicht zuletzt charismatischsten Schauspielpers\u00f6nlichkeiten des Landes.<\/p>\n","protected":false},"author":39,"featured_media":0,"parent":0,"menu_order":0,"comment_status":"closed","ping_status":"closed","template":"","meta":{"footnotes":""},"class_list":["post-81737","page","type-page","status-publish","hentry"],"_links":{"self":[{"href":"https:\/\/www.diagonale.at\/en\/wp-json\/wp\/v2\/pages\/81737","targetHints":{"allow":["GET"]}}],"collection":[{"href":"https:\/\/www.diagonale.at\/en\/wp-json\/wp\/v2\/pages"}],"about":[{"href":"https:\/\/www.diagonale.at\/en\/wp-json\/wp\/v2\/types\/page"}],"author":[{"embeddable":true,"href":"https:\/\/www.diagonale.at\/en\/wp-json\/wp\/v2\/users\/39"}],"replies":[{"embeddable":true,"href":"https:\/\/www.diagonale.at\/en\/wp-json\/wp\/v2\/comments?post=81737"}],"version-history":[{"count":0,"href":"https:\/\/www.diagonale.at\/en\/wp-json\/wp\/v2\/pages\/81737\/revisions"}],"wp:attachment":[{"href":"https:\/\/www.diagonale.at\/en\/wp-json\/wp\/v2\/media?parent=81737"}],"curies":[{"name":"wp","href":"https:\/\/api.w.org\/{rel}","templated":true}]}}