{"id":81732,"date":"2019-01-31T16:22:48","date_gmt":"2019-01-31T15:22:48","guid":{"rendered":"https:\/\/www.diagonale.at\/eroeffnungsfilm19-der-boden-unter-den-fuessen-von-marie-kreutzer\/"},"modified":"2022-10-18T13:05:13","modified_gmt":"2022-10-18T11:05:13","slug":"eroeffnungsfilm19-der-boden-unter-den-fuessen-von-marie-kreutzer","status":"publish","type":"page","link":"https:\/\/www.diagonale.at\/en\/eroeffnungsfilm19-der-boden-unter-den-fuessen-von-marie-kreutzer\/","title":{"rendered":"<em>Der Boden unter den F\u00fc\u00dfen<\/em> opens the Diagonale\u201919"},"content":{"rendered":"<p><strong>Festival opening Diagonale&#8217;19<\/strong><br \/>\nTuesday, March 19, 2019<br \/>\n7.30 pm<br \/>\nHelmut List Halle<\/p>\n<p>Austrian premiere<br \/>\n<i>Der Boden unter den F\u00fc\u00dfen\u00a0<\/i>\u2013 a film by Marie Kreutzer<\/p>\n<p>Sponsor:<br \/>\nAVL Cultural Foundation<\/p>\n<p>Co-sponsors:<br \/>\nAlmert &amp; Partner and<br \/>\nEnergie Steiermark<\/p>\n<pre><\/pre>\n<div id=\"attachment_56352\" style=\"width: 534px\" class=\"wp-caption alignnone\"><img loading=\"lazy\" decoding=\"async\" aria-describedby=\"caption-attachment-56352\" class=\"wp-image-56352 size-large\" src=\"http:\/\/www.diagonale.at\/wp-content\/uploads\/2019\/01\/Favorit-Novotnyfilm_-DSC_8210_standfoto_dbuf_juhani_zebra-524x270.jpg\" alt=\"\" width=\"524\" height=\"270\" srcset=\"https:\/\/www.diagonale.at\/wp-content\/uploads\/2019\/01\/Favorit-Novotnyfilm_-DSC_8210_standfoto_dbuf_juhani_zebra-524x270.jpg 524w, https:\/\/www.diagonale.at\/wp-content\/uploads\/2019\/01\/Favorit-Novotnyfilm_-DSC_8210_standfoto_dbuf_juhani_zebra-368x190.jpg 368w, https:\/\/www.diagonale.at\/wp-content\/uploads\/2019\/01\/Favorit-Novotnyfilm_-DSC_8210_standfoto_dbuf_juhani_zebra-176x91.jpg 176w, https:\/\/www.diagonale.at\/wp-content\/uploads\/2019\/01\/Favorit-Novotnyfilm_-DSC_8210_standfoto_dbuf_juhani_zebra-768x396.jpg 768w, https:\/\/www.diagonale.at\/wp-content\/uploads\/2019\/01\/Favorit-Novotnyfilm_-DSC_8210_standfoto_dbuf_juhani_zebra-1536x792.jpg 1536w, https:\/\/www.diagonale.at\/wp-content\/uploads\/2019\/01\/Favorit-Novotnyfilm_-DSC_8210_standfoto_dbuf_juhani_zebra-2048x1056.jpg 2048w\" sizes=\"(max-width: 524px) 100vw, 524px\" \/><p id=\"caption-attachment-56352\" class=\"wp-caption-text\"><em>Der Boden unter den F\u00fc\u00dfen<\/em> \u00a9 Juhani Zebra<\/p><\/div>\n<p>A film that gets under the skin: Marie Kreutzer\u2019s new feature film <em>Der Boden unter den F\u00fc\u00dfen<\/em> (<em>The Ground Beneath My Feet<\/em>) will open the Diagonale\u201919 on Tuesday, March 19th. <em>Der Boden unter den F\u00fc\u00dfen<\/em> is a daring film and major cinema that takes a great risk and precisely in doing so, is incredibly beguiling and fascinating \u2013 mainly because <em>Der Boden unter den F\u00fc\u00dfen<\/em> presents a turning point in the oeuvre of the Graz-born filmmaker Marie Kreutzer (<em>Was hat uns blo\u00df so ruiniert<\/em>, <em>Gruber geht<\/em>, <em>Die Vaterlosen,<\/em> among others). The magnificently drama about two sisters who could not be any more different, captivates by virtue of its serious, melancholic, and at the same time subtle tones and reveals new nuances in Kreutzer\u2019s work.<\/p>\n<p>Following its world premiere at the competition of the Berlin International Film Festival, <em>Der Boden unter den F\u00fc\u00dfen<\/em> celebrates its official Austrian premiere at the Diagonale\u201919 and thereby rings in the 22<sup>nd<\/sup> year of the festival in Graz.<\/p>\n<h3><u>Marie Kreutzer back in Graz<\/u><\/h3>\n<p>For Marie Kreutzer, the opening film means a special homecoming to the festival of Austrian film. Already eighteen years earlier, Kreutzer celebrated her Diagonale debut, which would lead to steady visits back to Graz: Her first appearance in the program was with her first short feature film <em>Cappy Leit<\/em> (AT 2000) in 2001. In 2007, Kreutzer was awarded the Thomas Pluch Script Prize for <em>White Box<\/em> (AT 2006). In 2011, she was then awarded the Grand Diagonale Prize Feature Film for her first full length feature, <em>Die Vaterlosen<\/em> (AT 2011). As with <em>Der Boden unter den F\u00fc\u00dfen,<\/em> Kreutzer already worked back then with the camera woman Leena Koppe, who was honored with the Diagonale Prize Cinematography for <em>Die Vaterlosen<\/em>. In addition, the film was also honored in both acting categories (Marion Mitterhammer and Johannes Krisch). Marie Kreutzer also presented subsequent works in the context of the Festival. In 2015, the Diagonale screened <em>Gruber geht<\/em> (AT 2015), in 2017, the TV comedy <em>Die Notl\u00fcge<\/em> (AT 2017) and the motion picture <em>Was hat uns blo\u00df so ruiniert<\/em> (AT 2016).<\/p>\n<p>\u201cWith the world premiere of my first short film in the legendary Augarten cinema, my relationship to the Diagonale began. It has been a long and passionate one, and as it is important in nurturing long-term relationships, once in a while, a new thrill is pleasing. Being allowed to open the festival is definitely just such a thrill! And then to do so with <em>Der Boden unter den F\u00fc\u00dfen<\/em>, which people react to so unpredictably, emotionally, and also distraught, in a way that is unlike any of my films until now. The evening will be an exciting one for me!\u201d<br \/>\n\u2014\u2014 Marie Kreutzer<\/p>\n<p>\u201cCinema! That\u2019s precisely what <em>Der Boden unter den F\u00fc\u00dfen<\/em> is. The uncompromising devotion to cinema and to a way of storytelling that does not satisfy itself with the meaning, but instead, is inscribed formally and aesthetically in every image in the film. So as to sharpen the gaze of the audience. To accentuate the inner-film reality of the protagonists. Marie Kreutzer takes great risks and also expects quite a bit from the audience \u2013 that is refreshing, soothing, and a bold step out of the comfort zone. <em>Der Boden unter den F\u00fc\u00dfen<\/em> is definitely an aggressive film, in any case, one that we not only fight for, but also take a clear position on! For the art of cinema!\u201d<br \/>\n\u2014\u2014 Sebastian H\u00f6glinger and Peter Schernhuber<\/p>\n<h3><u>On the film<\/u><\/h3>\n<p>The successful business consultant Lola (Valerie Pachner) is constantly on the go and has her personal life as well as her career completely under control: an intoxicating jet-set life between hotel lobbies, meetings, business dinners, and a secret affair with her boss Elise (Mavie H\u00f6rbiger).<br \/>\nA suicide attempt by her older sister Conny (Pia Hierzegger) shakes up Lola\u2019s brutally structured life, in which she is also uncompromising towards herself. In her film, Marie Kreutzer explores sophisticatedly and unpredictably the eternal question of how much space family structures should and must be allotted in one\u2019s life, without ignoring one\u2019s own needs or shirking responsibility. Shot on 35mm film, <em>Der Boden unter den F\u00fc\u00dfen<\/em> thus renders homage to cinema, which like no other medium is capable of shifting, tilting, and momentarily dissolving the levels of reality, (wish-)dream, and madness. Rushing between optimizing self, the process, and profits. On the desperate search for one\u2019s promise of happiness.<\/p>\n<h3><u>An outstanding ensemble of actors <\/u><\/h3>\n<p>With the once again magnificent Valerie Pachner (among others, <em>EGON SCHIELE \u2013 TOD UND M\u00c4DCHEN<\/em>, <em>Vor der Morgenr\u00f6te<\/em>, <em>JACK<\/em>, <em>Bad Luck<\/em>) and also featuring Pia Hierzegger and Mavie H\u00f6rbiger in major roles, Marie Kreutzer gathers a strong assemble of woman actors in <em>Der Boden unter den F\u00fc\u00dfen<\/em> who authentically present this disturbing and yet sensitive film. A film that pays due attention to a person\u2019s psychological state in a (self-)exploitative world.<\/p>\n<div id=\"attachment_56356\" style=\"width: 534px\" class=\"wp-caption alignnone\"><img loading=\"lazy\" decoding=\"async\" aria-describedby=\"caption-attachment-56356\" class=\"wp-image-56356 size-large\" src=\"http:\/\/www.diagonale.at\/wp-content\/uploads\/2019\/01\/Der-Boden-unter-den-Fuessen_c_Juhani-Zebra-524x275.png\" alt=\"\" width=\"524\" height=\"275\" srcset=\"https:\/\/www.diagonale.at\/wp-content\/uploads\/2019\/01\/Der-Boden-unter-den-Fuessen_c_Juhani-Zebra-524x275.png 524w, https:\/\/www.diagonale.at\/wp-content\/uploads\/2019\/01\/Der-Boden-unter-den-Fuessen_c_Juhani-Zebra-368x193.png 368w, https:\/\/www.diagonale.at\/wp-content\/uploads\/2019\/01\/Der-Boden-unter-den-Fuessen_c_Juhani-Zebra-176x92.png 176w, https:\/\/www.diagonale.at\/wp-content\/uploads\/2019\/01\/Der-Boden-unter-den-Fuessen_c_Juhani-Zebra-768x403.png 768w, https:\/\/www.diagonale.at\/wp-content\/uploads\/2019\/01\/Der-Boden-unter-den-Fuessen_c_Juhani-Zebra.png 777w\" sizes=\"(max-width: 524px) 100vw, 524px\" \/><p id=\"caption-attachment-56356\" class=\"wp-caption-text\"><em>Der Boden unter den F\u00fc\u00dfen<\/em> \u00a9 Juhani Zebra<\/p><\/div>\n<p><em><u>Der Boden unter den F\u00fc\u00dfen<\/u><\/em><u> (AT 2019)<br \/>\n<\/u><strong>With<\/strong>: Valerie Pachner (Lola), Pia Hierzegger (Conny), Mavie H\u00f6rbiger (Elise), Michelle Barthel (Birgit), Marc Benjamin (Sebastian), Axel Sichrovsky (Mr. Bacher), Dominic Marcus Singer (J\u00fcrgen), Meo Wulf (Clemens)<\/p>\n<p>A production by Novotny &amp; Novotny Filmproduktion<br \/>\n<strong>Funding of the opening film<\/strong>: Austrian Film Institute, Vienna Film Fund, FISA \u2013 Film Industry Support Austria, ORF Film\/Television Agreement<\/p>\n<div id=\"attachment_56355\" style=\"width: 534px\" class=\"wp-caption alignnone\"><img loading=\"lazy\" decoding=\"async\" aria-describedby=\"caption-attachment-56355\" class=\"wp-image-56355 size-large\" src=\"http:\/\/www.diagonale.at\/wp-content\/uploads\/2019\/01\/Gruber-geht_Marie-Kreutzer-c-Elsa-Okazaki-524x392.jpeg\" alt=\"\" width=\"524\" height=\"392\" \/><p id=\"caption-attachment-56355\" class=\"wp-caption-text\">Marie Kreutzer \u00a9 Elsa Okazaki<\/p><\/div>\n<p><strong>Marie Kreutzer<\/strong>, born 1977 in Graz. Studied screen writing and dramaturgy at the Film Academy Vienna. Since 2007 member of the board of the drehbuchVERBAND Austria and the drehbuchFORUM Wien. Since 2011, member of the project commission at the Austrian Film Institute. Since 2013 lecturer at the University of Music and Performing Arts Graz. She was awarded the Grand Diagonale Prize Feature Film in 2011for <em>Die Vaterlosen<\/em>.<\/p>\n<p><strong>Films<\/strong>: <em>Die Notl\u00fcge<\/em> (AT 2017), <em>Was hat uns blo\u00df so ruiniert<\/em> (AT 2016), <em>Gruber geht<\/em> (AT 2015), <em>Die Vaterlosen<\/em> (AT 2011), <em>Ingrid<\/em> (AT 2010), <em>Punsch No\u00ebl<\/em> (AT 2008), <em>Weihnachtsdienst<\/em> (AT 2007), <em>White Box<\/em> (AT 2006), <em>7 Tods\u00fcnden\/Tr\u00e4gheit<\/em> (AT 2005), <em>Un peu beaucoup<\/em> (AT 2002), <em>Cappy Leit<\/em> (AT 2000)<\/p>\n<p>&nbsp;<\/p>\n<pre>xxx<\/pre>\n<p>&nbsp;<\/p>\n","protected":false},"excerpt":{"rendered":"<p>Die Diagonale&#8217;19 er\u00f6ffnet mit einem Film, der unter die Haut geht: Marie Kreutzers neuer Spielfilm &#8220;Der Boden unter den F\u00fc\u00dfen&#8221;.<\/p>\n","protected":false},"author":39,"featured_media":0,"parent":0,"menu_order":0,"comment_status":"closed","ping_status":"closed","template":"","meta":{"footnotes":""},"class_list":["post-81732","page","type-page","status-publish","hentry"],"_links":{"self":[{"href":"https:\/\/www.diagonale.at\/en\/wp-json\/wp\/v2\/pages\/81732","targetHints":{"allow":["GET"]}}],"collection":[{"href":"https:\/\/www.diagonale.at\/en\/wp-json\/wp\/v2\/pages"}],"about":[{"href":"https:\/\/www.diagonale.at\/en\/wp-json\/wp\/v2\/types\/page"}],"author":[{"embeddable":true,"href":"https:\/\/www.diagonale.at\/en\/wp-json\/wp\/v2\/users\/39"}],"replies":[{"embeddable":true,"href":"https:\/\/www.diagonale.at\/en\/wp-json\/wp\/v2\/comments?post=81732"}],"version-history":[{"count":0,"href":"https:\/\/www.diagonale.at\/en\/wp-json\/wp\/v2\/pages\/81732\/revisions"}],"wp:attachment":[{"href":"https:\/\/www.diagonale.at\/en\/wp-json\/wp\/v2\/media?parent=81732"}],"curies":[{"name":"wp","href":"https:\/\/api.w.org\/{rel}","templated":true}]}}