{"id":81729,"date":"2019-01-15T10:30:32","date_gmt":"2019-01-15T09:30:32","guid":{"rendered":"https:\/\/www.diagonale.at\/theater-kino-holzarbeit\/"},"modified":"2022-10-18T11:48:50","modified_gmt":"2022-10-18T09:48:50","slug":"theater-kino-holzarbeit","status":"publish","type":"page","link":"https:\/\/www.diagonale.at\/en\/theater-kino-holzarbeit\/","title":{"rendered":"Theater, Cinema, Wood"},"content":{"rendered":"<pre>xxx<\/pre>\n<p><strong>A cooperation of the Diagonale with Schauspielhaus Graz<\/strong><\/p>\n<div id=\"attachment_56164\" style=\"width: 534px\" class=\"wp-caption alignnone\"><img loading=\"lazy\" decoding=\"async\" aria-describedby=\"caption-attachment-56164\" class=\"size-large wp-image-56164\" src=\"http:\/\/www.diagonale.at\/wp-content\/uploads\/2019\/01\/Ludwig-Wuest_c_diagonale_miriam-raneburger_17-524x349.jpg\" alt=\"\" width=\"524\" height=\"349\" srcset=\"https:\/\/www.diagonale.at\/wp-content\/uploads\/2019\/01\/Ludwig-Wuest_c_diagonale_miriam-raneburger_17-524x349.jpg 524w, https:\/\/www.diagonale.at\/wp-content\/uploads\/2019\/01\/Ludwig-Wuest_c_diagonale_miriam-raneburger_17-368x245.jpg 368w, https:\/\/www.diagonale.at\/wp-content\/uploads\/2019\/01\/Ludwig-Wuest_c_diagonale_miriam-raneburger_17-176x117.jpg 176w, https:\/\/www.diagonale.at\/wp-content\/uploads\/2019\/01\/Ludwig-Wuest_c_diagonale_miriam-raneburger_17-768x512.jpg 768w, https:\/\/www.diagonale.at\/wp-content\/uploads\/2019\/01\/Ludwig-Wuest_c_diagonale_miriam-raneburger_17.jpg 1500w\" sizes=\"(max-width: 524px) 100vw, 524px\" \/><p id=\"caption-attachment-56164\" class=\"wp-caption-text\">Ludwig W\u00fcst \u00a9 Diagonale\/Miriam Raneburger<\/p><\/div>\n<p><strong>He\u2019s a carpenter, theater and film director, and a driven man in the positive sense, a \u201cmaverick of Austrian cinema\u201d (Alexander Horwath): Ludwig W\u00fcst is among the most unusual figures in the local auteur film branch. His most recent film <em>DEPARTURE<\/em> (<em>AUFBRUCH<\/em>), which will open March 8, 2019 in local cinemas, celebrated its world premiere in the Forum of the Berlinale 2018, before its Austrian premiere at last year\u2019s Diagonale. In a first-time cooperation with the Schauspielhaus Graz, the Diagonale\u201919 will now trace the diverse oeuvre of this veritable exceptional phenomenon Ludwig W\u00fcst: <u>Theater, Cinema, Wood<\/u> \u2013 an <u>In Reference<\/u> tribute in three parts.<\/strong><\/p>\n<h1><\/h1>\n<h4>Ludwig W\u00fcst at Schauspielhaus Graz<\/h4>\n<p>In addition to his work as a film director and theater maker, W\u00fcst also appears as a skilled carpenter. These three roles frequently intertwine in his creation, and often the fields function as communicating vessels. Thus, the Diagonale\u201919 will not only screen selected films by Ludwig W\u00fcst and shed light on his approach to film and cinema with an international short film program that he has curated, but will also focus on work with the material wood and on the \u201cboards that mean the world.\u201d<\/p>\n<p>The festival of Austrian film will embark upon new territory in doing so, with an extensive cooperation with the Schauspielhaus Graz: On Thursday, March 21, 2019, Ludwig W\u00fcst\u2019s staging of August Strindberg\u2019s <em>Fr\u00e4ulein Julie<\/em> will celebrate its premiere in HAUS EINS of the Schauspielhaus Graz. This evening at the theater features a prominent cast: Gerhard Balluch, shooting star Julia Franz Richter (a. o. <em>L&#8217;ANIMALE<\/em> by Katharina M\u00fcckstein,<em> Trakehnerblut<\/em> by Andreas Herzog and Christopher Schier), and Margarethe Tiesel (a. o. <em>Paradies: Liebe<\/em> by Ulrich Seidl, <em>Das ewige Leben<\/em> by Wolfgang Murnberger). With these last two cited, central roles are taken on by two actresses who could recently be seen not only in highly acclaimed stage productions, but also in films by directing greats such as Ulrich Seidl and Katharina M\u00fcckstein. Presales for the exclusive premiere of <em>Fr\u00e4ulein Julie<\/em> in the staging by Ludwig W\u00fcst in the context of the Diagonale started on January 15!<\/p>\n<p>The Diagonale\u201919 tribute <u>Theater, Cinema, Wood<\/u> is framed and completed by a lecture on wood for fans and filmmakers. Like in W\u00fcst\u2019s films, layer after layer is removed to expose the hidden, beautiful, and obscure. A special program for all the senses!<\/p>\n<p>The tribute receives a further extension to its program with the presentation of the art book &#8220;HOLZ, THEATER, FILM \u2013 Die Arbeiten von Ludwig W\u00fcst,&#8221; published by Album Verlag, for which the editor, initiator, and designer Claudia Siefen-Leitich gathered together manifold sketches, texts, and photos from W\u00fcst\u2019s private archive.<\/p>\n<p>&nbsp;<\/p>\n<div id=\"attachment_56165\" style=\"width: 534px\" class=\"wp-caption alignnone\"><img loading=\"lazy\" decoding=\"async\" aria-describedby=\"caption-attachment-56165\" class=\"size-large wp-image-56165\" src=\"http:\/\/www.diagonale.at\/wp-content\/uploads\/2019\/01\/Collage_Fraeulein-Julie-524x349.png\" alt=\"\" width=\"524\" height=\"349\" srcset=\"https:\/\/www.diagonale.at\/wp-content\/uploads\/2019\/01\/Collage_Fraeulein-Julie-524x349.png 524w, https:\/\/www.diagonale.at\/wp-content\/uploads\/2019\/01\/Collage_Fraeulein-Julie-368x245.png 368w, https:\/\/www.diagonale.at\/wp-content\/uploads\/2019\/01\/Collage_Fraeulein-Julie-176x117.png 176w, https:\/\/www.diagonale.at\/wp-content\/uploads\/2019\/01\/Collage_Fraeulein-Julie-768x512.png 768w, https:\/\/www.diagonale.at\/wp-content\/uploads\/2019\/01\/Collage_Fraeulein-Julie-1536x1024.png 1536w, https:\/\/www.diagonale.at\/wp-content\/uploads\/2019\/01\/Collage_Fraeulein-Julie-2048x1365.png 2048w\" sizes=\"(max-width: 524px) 100vw, 524px\" \/><p id=\"caption-attachment-56165\" class=\"wp-caption-text\">Cast &#8220;Fr\u00e4ulein Julie&#8221; \u00a9 Lupi Spuma<\/p><\/div>\n<h2>1 \u2014 Premiere <em>Fr\u00e4ulein Julie<\/em>, staged by Ludwig W\u00fcst<\/h2>\n<p>The presales began on January 15, 2019. Discounted tickets can be purchased with a Diagonale accreditation. More on this here and here.<br \/>\n\u2014 Date: March 21, 2019, 7.30 p.m., Schauspielhaus Graz, HAUS EINS<\/p>\n<p>Fr\u00e4ulein Julie, the young daughter of the earl, attempts to assert herself as an emancipated woman, in opposition to the reigning <em>Zeitgeist<\/em>. With the house servant Jean, who is already in a liaison with the cook Kristin, she embarks upon a disastrous night in which gender roles are suddenly reversed. From the seductress to the fallen one \u2013 Julie is driven into the clich\u00e9 victim role, from which the only known escape is a tragic one.<\/p>\n<p>Ludwig W\u00fcst stages the chamber play by August Strindberg as a new experimental arrangement, as a \u201cvampire game\u201d as he calls it: As a revived spirit, the young Julie haunts the elderly couple Kristin and Jean. Every year on midsummer\u2019s eve, the dead who live in an old wooden coffin in the attic of the former manor, awaken from their deep slumber to live out their tales of passion, again and again.<\/p>\n<p>\u201cThe utopian reservoir of the evening is found in the opportunity to act in ways other than the ordinary in conflict scenes, to become stuck in old behavioral patterns, or to fatefully recognize that there is no way out of one\u2019s own story. In the course of this night, Fr\u00e4ulein Julie has the opportunity to rewrite her story.\u201d<br \/>\n\u2014\u2014\u2014 Ludwig W\u00fcst on his staging of <em>Fr\u00e4ulein Julie<\/em><\/p>\n<p>\u201cLudwig W\u00fcst is a film and theater director and carpenter. The Diagonale has devoted the first major tribute to him. As theater maker, but also as film fan, it is of great interest to me, to enable for the first time, as partner of the Diagonale film festival, an exceptional staging with ensemble actors at HAUS EINS, the large stage of the Schauspielhaus Graz: Under the direction of Ludwig W\u00fcst, Julia Franz Richter, Margarethe Tiesel, and Gerhard Balluch act in August Strindberg\u2019s <em>Fr\u00e4ulein Julie<\/em> in the translation by Peter Weiss, a unique theater experience.\u201d<br \/>\n\u2014\u2014\u2014 Iris Laufenberg, Managing Director, Schauspielhaus Graz<\/p>\n<p><strong>Cast<\/strong><br \/>\nJulia Franz Richter<br \/>\nMargarethe Tiesel<br \/>\nGerhard Balluch<\/p>\n<p><strong>Music<\/strong><br \/>\nYury Revich, who plays on a Stradivari from the Goh Family Foundation<\/p>\n<p><strong>Stage and light design<\/strong><br \/>\nErich Uiberlacker<\/p>\n<p><strong>Costume<\/strong><br \/>\nKatharina Wraubek<\/p>\n<p><strong>Cooperations \/ Production<\/strong><br \/>\nMaja Savic<\/p>\n<p><strong>Orchestration<\/strong><br \/>\nLudwig W\u00fcst<\/p>\n<p>&nbsp;<\/p>\n<h2>2 \u2014 Film program<\/h2>\n<p>\u2014 Egyptian Eclipse<em> (<\/em><em>\u00c4gyptische Finsternis<\/em><a href=\"https:\/\/ludwigwuest.works\/Agyptische-Finsternis\">,<\/a> D: Ludwig W\u00fcst, AT 2002)<br \/>\nThe description of an odyssey without a return home, based on Ingeborg Bachmann\u2019s novel &#8220;Der Fall Franza<em>&#8220;<\/em>. Ludwig W\u00fcst\u2019s debut film has not yet been shown at the Diagonale.\u00a0Afterward will be a book presentation on W\u00fcst\u2019s creation by Claudia Siefen-Leitich: &#8220;HOLZ, THEATER, FILM \u2013 Die Arbeiten von Ludwig W\u00fcst<em>&#8221;\u00a0<\/em>(Album Verlag)<br \/>\n\u2014 My Father&#8217;s House (<em>Das Haus meines Vaters<\/em>, D: Ludwig W\u00fcst, AT 2012)<br \/>\nWith <em>My Father&#8217;s House,<\/em> W\u00fcst solidifies his international reputation as an uncompromising and exceptional filmmaker. Filmed with a hand camera in a nearly single take, a return home becomes a search for clues with an uncertain goal. Following the screening will be a Diagonale im Dialog talk with Stefan Grissemann.<br \/>\n\u2014 <em>DEPARTURE<\/em> (<em>AUFBRUCH<\/em>, D: Ludwig W\u00fcst, AT 2018)<br \/>\nA carefully staged masterpiece, a film about looking at one another and being human. Special screening on festival Sunday, on the occasion of the opening in the cinemas on March 8, 2019.<br \/>\n\u2014 Short film program \u201cMavericks\u201d<br \/>\nAn international short film program curated by Ludwig W\u00fcst offers insight into the creative work of filmmakers whom W\u00fcst appreciates and admires. In this, focus is decidedly on cinema beyond the mainstream. Ludwig W\u00fcst as movie buff, as cinema goer, as fan.<br \/>\n\u2014\u2014\u2014<em> Menk <\/em>(D: Artavazd Pelechian, AL 1969)<br \/>\n\u2014\u2014\u2014<em> L&#8217;homme atlantique<\/em> (D: Marguerite Duras, FR 1981)<br \/>\n\u2014\u2014\u2014<em> Earth of the Blind <\/em>(D: Audrius Stonys, LT 1992)<br \/>\n\u2014\u2014\u2014 <em>Paper Route <\/em>(D: Robert Frank, US 2002)<\/p>\n<p>&nbsp;<\/p>\n<h2>3 \u2014 Wood lecture<\/h2>\n<p>The films by Ludwig W\u00fcst, who learned the carpentry trade more than thirty years ago, always tell in passing of his love for wood and the work with this eminently sensual material. W\u00fcst\u2019s belief in the magnificent creative possibilities is also reflected in his works in wood. The lecture invites interested persons to contemplate a craft that will likely soon disappear. Information on registering for the event will follow closer to the time of the festival.<\/p>\n<p>&nbsp;<\/p>\n<h4>Ludwig W\u00fcst<\/h4>\n<p>Born in Bavaria, has lived in Vienna since 1987. He studied acting and singing at the University of Music and Performing Arts. Since 1990, he has worked as director, author, and actor and has created more than forty productions for theater and opera in Vienna, Leipzig, Berlin, Munich, and Frankfurt. He has been a filmmaker since 1999.<\/p>\n<p>The Diagonale\u201919 will take place from March 19 to 24 in Graz. The entire program will be published on March 7. Ticket sales begin on March 13, 2019.<\/p>\n<p>&nbsp;<\/p>\n<pre>xxx<\/pre>\n<p>&nbsp;<\/p>\n","protected":false},"excerpt":{"rendered":"<p> A cooperation of the Diagonale with Schauspielhaus Graz He\u2019s a carpenter, theater and film director, and a driven man in the positive sense, a \u201cmaverick of Austrian cinema\u201d (Alexander Horwath): Ludwig W\u00fcst is among the most unusual figures in the local auteur film branch. His most recent film DEPARTURE (AUFBRUCH), which will open March [&hellip;]<\/p>\n","protected":false},"author":39,"featured_media":0,"parent":0,"menu_order":0,"comment_status":"closed","ping_status":"closed","template":"","meta":{"footnotes":""},"class_list":["post-81729","page","type-page","status-publish","hentry"],"_links":{"self":[{"href":"https:\/\/www.diagonale.at\/en\/wp-json\/wp\/v2\/pages\/81729","targetHints":{"allow":["GET"]}}],"collection":[{"href":"https:\/\/www.diagonale.at\/en\/wp-json\/wp\/v2\/pages"}],"about":[{"href":"https:\/\/www.diagonale.at\/en\/wp-json\/wp\/v2\/types\/page"}],"author":[{"embeddable":true,"href":"https:\/\/www.diagonale.at\/en\/wp-json\/wp\/v2\/users\/39"}],"replies":[{"embeddable":true,"href":"https:\/\/www.diagonale.at\/en\/wp-json\/wp\/v2\/comments?post=81729"}],"version-history":[{"count":0,"href":"https:\/\/www.diagonale.at\/en\/wp-json\/wp\/v2\/pages\/81729\/revisions"}],"wp:attachment":[{"href":"https:\/\/www.diagonale.at\/en\/wp-json\/wp\/v2\/media?parent=81729"}],"curies":[{"name":"wp","href":"https:\/\/api.w.org\/{rel}","templated":true}]}}