{"id":81721,"date":"2019-03-06T11:42:31","date_gmt":"2019-03-06T10:42:31","guid":{"rendered":"https:\/\/www.diagonale.at\/in-referenz-19\/"},"modified":"2022-10-18T11:45:22","modified_gmt":"2022-10-18T09:45:22","slug":"in-referenz-19","status":"publish","type":"page","link":"https:\/\/www.diagonale.at\/en\/in-referenz-19\/","title":{"rendered":"In Reference"},"content":{"rendered":"<p>The screen as hub \u2013 the <u>In Reference<\/u> series seeks lines of connection and sets parentheses and footnotes in the festival program. Local film creation is interconnected with itself and with international positions.<\/p>\n<h3>Rose McGowan as guest in Graz<\/h3>\n<p>On the Saturday of the festival, the world-famous actress, activist, and author Rose McGowan will talk about her book \u201cBRAVE,\u201d about #MeToo, and about her ongoing fight against the abuse of power in the (US film industry) and beyond. Paul Poet\u2019s eye-opening documentary <em>My Talk with Florence<\/em>\u00a0(AT 2015) with live sound by Alec Empire will premiere as a bridge of sorts to the talk. Also presented on this occasion will be the DVD edition, soundtrack, and the media book for the film, which for its part, also contains texts by Rose McGowan et al.<\/p>\n<div id=\"attachment_58496\" style=\"width: 534px\" class=\"wp-caption alignnone\"><img loading=\"lazy\" decoding=\"async\" aria-describedby=\"caption-attachment-58496\" class=\"size-large wp-image-58496\" src=\"http:\/\/www.diagonale.at\/wp-content\/uploads\/2019\/03\/Rose-Alec-524x349.png\" alt=\"\" width=\"524\" height=\"349\" srcset=\"https:\/\/www.diagonale.at\/wp-content\/uploads\/2019\/03\/Rose-Alec-524x349.png 524w, https:\/\/www.diagonale.at\/wp-content\/uploads\/2019\/03\/Rose-Alec-368x245.png 368w, https:\/\/www.diagonale.at\/wp-content\/uploads\/2019\/03\/Rose-Alec-176x117.png 176w, https:\/\/www.diagonale.at\/wp-content\/uploads\/2019\/03\/Rose-Alec-768x512.png 768w, https:\/\/www.diagonale.at\/wp-content\/uploads\/2019\/03\/Rose-Alec.png 777w\" sizes=\"(max-width: 524px) 100vw, 524px\" \/><p id=\"caption-attachment-58496\" class=\"wp-caption-text\">Rose McGowan \u00a9 Claire Rothstein | Alec Empire \u00a9 The Hellish Vortex<\/p><\/div>\n<h3>In Reference to the historical special<\/h3>\n<p>The short film program \u201cPoints of View \u2026 In Dialogue\u201d on the occasion of the fortieth anniversary of the Medienwerkstatt Wien turns to the question of representation, staging, and depiction of femininity(ies). Videos from the 1980s enter into dialogue with productions by the Golden Pixel Cooperative, kindred in terms of working methods and political views. Also two further cinematic positions with Austrian roots that tell of modern cinema\u2019s pictures of femininity meet: Otto Preminger\u2019s American Technicolor classic <em>Bonjour Tristesse<\/em>\u00a0(US\/GB 1958) and\u00a0<em>Hurra f\u00fcr Frau E.<\/em>\u00a0by G\u00fcnter Peter Straschek (BRD 1966). The screenings will be supplemented by an essay specially commissioned from the author Magnus Klaue. A double feature on the myths and staging of the actress Romy Schneider will be presented by the films <em>Romy \u2013 Portrait eines Gesichts<\/em>\u00a0(D: Hans-J\u00fcrgen Syberberg, BRD 1967) and\u00a0<em>3 Tage in Quiberon<\/em>\u00a0(D: Emily Atef, DE\/AT\/FR 2018) with Marie B\u00e4umer and Birgit Minichmayr.<\/p>\n<div id=\"attachment_58499\" style=\"width: 534px\" class=\"wp-caption alignnone\"><img loading=\"lazy\" decoding=\"async\" aria-describedby=\"caption-attachment-58499\" class=\"size-large wp-image-58499\" src=\"http:\/\/www.diagonale.at\/wp-content\/uploads\/2019\/03\/Bonjour-Tristesse_4_c_Filmarchiv-Austria_1299x953-524x416.jpg\" alt=\"\" width=\"524\" height=\"416\" srcset=\"https:\/\/www.diagonale.at\/wp-content\/uploads\/2019\/03\/Bonjour-Tristesse_4_c_Filmarchiv-Austria_1299x953-524x416.jpg 524w, https:\/\/www.diagonale.at\/wp-content\/uploads\/2019\/03\/Bonjour-Tristesse_4_c_Filmarchiv-Austria_1299x953-368x292.jpg 368w, https:\/\/www.diagonale.at\/wp-content\/uploads\/2019\/03\/Bonjour-Tristesse_4_c_Filmarchiv-Austria_1299x953-176x140.jpg 176w, https:\/\/www.diagonale.at\/wp-content\/uploads\/2019\/03\/Bonjour-Tristesse_4_c_Filmarchiv-Austria_1299x953-768x610.jpg 768w, https:\/\/www.diagonale.at\/wp-content\/uploads\/2019\/03\/Bonjour-Tristesse_4_c_Filmarchiv-Austria_1299x953.jpg 1200w\" sizes=\"(max-width: 524px) 100vw, 524px\" \/><p id=\"caption-attachment-58499\" class=\"wp-caption-text\"><em>Bonjour Tristesse<\/em> \u00a9 Filmarchiv Austria<\/p><\/div>\n<h3>In Reference to the festival trailer by Johann Lurf<\/h3>\n<p>Johann Lurf, the trailer artist for Diagonale\u201919, presents a short film program that he has curated, \u201cAgitation-Aesthetics-Politics.\u201d And what\u2019s more, from now on, every Diagonale will show in the night slot, the latest version of Lurf\u2019s steadily growing \u2605 (AT 2019) \u2013 a grandiose star atlas of film history. For the Diagonale, the Kunsthaus Graz will show works by Johann Lurf and Laura Wagner.<\/p>\n<div id=\"attachment_58501\" style=\"width: 534px\" class=\"wp-caption alignnone\"><img loading=\"lazy\" decoding=\"async\" aria-describedby=\"caption-attachment-58501\" class=\"size-large wp-image-58501\" src=\"http:\/\/www.diagonale.at\/wp-content\/uploads\/2019\/03\/Cavalcade_1_sixpackfilm_1200x898lurf-524x196.jpg\" alt=\"\" width=\"524\" height=\"196\" srcset=\"https:\/\/www.diagonale.at\/wp-content\/uploads\/2019\/03\/Cavalcade_1_sixpackfilm_1200x898lurf-524x196.jpg 524w, https:\/\/www.diagonale.at\/wp-content\/uploads\/2019\/03\/Cavalcade_1_sixpackfilm_1200x898lurf-368x138.jpg 368w, https:\/\/www.diagonale.at\/wp-content\/uploads\/2019\/03\/Cavalcade_1_sixpackfilm_1200x898lurf-176x66.jpg 176w, https:\/\/www.diagonale.at\/wp-content\/uploads\/2019\/03\/Cavalcade_1_sixpackfilm_1200x898lurf-768x287.jpg 768w, https:\/\/www.diagonale.at\/wp-content\/uploads\/2019\/03\/Cavalcade_1_sixpackfilm_1200x898lurf-1536x575.jpg 1536w, https:\/\/www.diagonale.at\/wp-content\/uploads\/2019\/03\/Cavalcade_1_sixpackfilm_1200x898lurf-2048x766.jpg 2048w\" sizes=\"(max-width: 524px) 100vw, 524px\" \/><p id=\"caption-attachment-58501\" class=\"wp-caption-text\">Johann Lurf \u00a9 Vladimir Canic | Cavalcade \u00a9 sixpackfilm<\/p><\/div>\n<h3>Heinz Trenczak\u2019s 75<sup>th<\/sup> birthday<\/h3>\n<p>And last but not least, the In Reference series will show <em>Greek Diary<\/em>\u00a0(AT 2018) by Heinz Trenczak, chronicler of and companion to public life in Graz.<\/p>\n<div id=\"attachment_58502\" style=\"width: 534px\" class=\"wp-caption alignnone\"><img loading=\"lazy\" decoding=\"async\" aria-describedby=\"caption-attachment-58502\" class=\"size-large wp-image-58502\" src=\"http:\/\/www.diagonale.at\/wp-content\/uploads\/2019\/03\/Greek-Diary_1_c_Cle\u0301ment-Martz_1200x799_2-524x174.jpg\" alt=\"\" width=\"524\" height=\"174\" srcset=\"https:\/\/www.diagonale.at\/wp-content\/uploads\/2019\/03\/Greek-Diary_1_c_Cle\u0301ment-Martz_1200x799_2-524x174.jpg 524w, https:\/\/www.diagonale.at\/wp-content\/uploads\/2019\/03\/Greek-Diary_1_c_Cle\u0301ment-Martz_1200x799_2-368x123.jpg 368w, https:\/\/www.diagonale.at\/wp-content\/uploads\/2019\/03\/Greek-Diary_1_c_Cle\u0301ment-Martz_1200x799_2-176x59.jpg 176w, https:\/\/www.diagonale.at\/wp-content\/uploads\/2019\/03\/Greek-Diary_1_c_Cle\u0301ment-Martz_1200x799_2-768x256.jpg 768w, https:\/\/www.diagonale.at\/wp-content\/uploads\/2019\/03\/Greek-Diary_1_c_Cle\u0301ment-Martz_1200x799_2-1536x511.jpg 1536w, https:\/\/www.diagonale.at\/wp-content\/uploads\/2019\/03\/Greek-Diary_1_c_Cle\u0301ment-Martz_1200x799_2-2048x682.jpg 2048w\" sizes=\"(max-width: 524px) 100vw, 524px\" \/><p id=\"caption-attachment-58502\" class=\"wp-caption-text\">Greek Diary \u00a9 Cl\u00e9ment Martz<\/p><\/div>\n<p>&nbsp;<\/p>\n","protected":false},"excerpt":{"rendered":"<p>Die Reihe In Referenz greift wahlverwandte Themen auf, bringt sie in Verbindung zueinander und st\u00f6\u00dft T\u00fcren zu neuen Denkr\u00e4umen auf.<\/p>\n","protected":false},"author":39,"featured_media":0,"parent":0,"menu_order":0,"comment_status":"closed","ping_status":"closed","template":"","meta":{"footnotes":""},"class_list":["post-81721","page","type-page","status-publish","hentry"],"_links":{"self":[{"href":"https:\/\/www.diagonale.at\/en\/wp-json\/wp\/v2\/pages\/81721","targetHints":{"allow":["GET"]}}],"collection":[{"href":"https:\/\/www.diagonale.at\/en\/wp-json\/wp\/v2\/pages"}],"about":[{"href":"https:\/\/www.diagonale.at\/en\/wp-json\/wp\/v2\/types\/page"}],"author":[{"embeddable":true,"href":"https:\/\/www.diagonale.at\/en\/wp-json\/wp\/v2\/users\/39"}],"replies":[{"embeddable":true,"href":"https:\/\/www.diagonale.at\/en\/wp-json\/wp\/v2\/comments?post=81721"}],"version-history":[{"count":0,"href":"https:\/\/www.diagonale.at\/en\/wp-json\/wp\/v2\/pages\/81721\/revisions"}],"wp:attachment":[{"href":"https:\/\/www.diagonale.at\/en\/wp-json\/wp\/v2\/media?parent=81721"}],"curies":[{"name":"wp","href":"https:\/\/api.w.org\/{rel}","templated":true}]}}