{"id":81717,"date":"2020-01-21T10:36:10","date_gmt":"2020-01-21T09:36:10","guid":{"rendered":"https:\/\/www.diagonale.at\/sehnsucht2020\/"},"modified":"2022-10-18T11:44:17","modified_gmt":"2022-10-18T09:44:17","slug":"sehnsucht2020","status":"publish","type":"page","link":"https:\/\/www.diagonale.at\/en\/sehnsucht2020\/","title":{"rendered":"Historical Special <br>Sehnsucht 2020 \u2013 City and Desire"},"content":{"rendered":"<p>The Diagonale\u201920 was cancelled due to official measures to contain the spread of COVID-19.<br \/>\nThe historical special <u>Sehnsucht 2020 \u2013 City and Desire<\/u> is presented by <a href=\"https:\/\/oe1.orf.at\/\" target=\"_blank\" rel=\"noopener noreferrer\">\u00d61<\/a>.<\/p>\n<pre>xxx<\/pre>\n<div class=\"mceTemp\"><\/div>\n<div id=\"attachment_60407\" style=\"width: 534px\" class=\"wp-caption alignnone\"><img loading=\"lazy\" decoding=\"async\" aria-describedby=\"caption-attachment-60407\" class=\"wp-image-60407 size-large\" src=\"https:\/\/www.diagonale.at\/wp-content\/uploads\/2020\/01\/Nordrand-Barbara-Albert-\u00a9-Lotus-Film-Petro-Domenigg-524x353.jpg\" alt=\"\" width=\"524\" height=\"353\" srcset=\"https:\/\/www.diagonale.at\/wp-content\/uploads\/2020\/01\/Nordrand-Barbara-Albert-\u00a9-Lotus-Film-Petro-Domenigg-524x353.jpg 524w, https:\/\/www.diagonale.at\/wp-content\/uploads\/2020\/01\/Nordrand-Barbara-Albert-\u00a9-Lotus-Film-Petro-Domenigg-368x248.jpg 368w, https:\/\/www.diagonale.at\/wp-content\/uploads\/2020\/01\/Nordrand-Barbara-Albert-\u00a9-Lotus-Film-Petro-Domenigg-176x119.jpg 176w, https:\/\/www.diagonale.at\/wp-content\/uploads\/2020\/01\/Nordrand-Barbara-Albert-\u00a9-Lotus-Film-Petro-Domenigg-768x518.jpg 768w, https:\/\/www.diagonale.at\/wp-content\/uploads\/2020\/01\/Nordrand-Barbara-Albert-\u00a9-Lotus-Film-Petro-Domenigg-1536x1035.jpg 1536w, https:\/\/www.diagonale.at\/wp-content\/uploads\/2020\/01\/Nordrand-Barbara-Albert-\u00a9-Lotus-Film-Petro-Domenigg.jpg 1800w\" sizes=\"(max-width: 524px) 100vw, 524px\" \/><p id=\"caption-attachment-60407\" class=\"wp-caption-text\">Nordrand \u00a9 Lotus Film\/Petro Domenigg<\/p><\/div>\n<h2 class=\"null\">The 22 films in <u>Sehnsucht 2020 \u2013 City and Desire<\/u> \u2013 a joint special by Diagonale, Filmarchiv Austria, the Austrian Film Museum, and the ORF Archive \u2013 revolve around the key words city and desire in Austrian film.<\/h2>\n<p>The films in the Diagonale\u2019s historical special lead to sites that make the interplay of built and lived city comprehensible \u2013 from public housing in Red Vienna to a beach dominated by the Viennese on the upper Adriatic, from the idyllic provincial countryside through the urban periphery and further, into the mega cities of this world, from the seedy underworld of Frankfurt through to the most colorful corners of the queer opera milieu, from auspicious Manhattan through to magically trashy Graz.<\/p>\n<p>Following the lead of <u>Graz Year of Culture 2020<\/u>, which in these days will be discussing visions of the urban future and ideas for the city of tomorrow, <u>Sehnsucht 2020 \u2013 City and Desire<\/u> inquires into mutual historical foundations, and searches for possible clues and answers on the movie screen. The historical special offers the rare chance to see works from the Austrian film archives, some of which have been specially digitized and restored.<\/p>\n<p><u>Film program Sehnsucht 2020 \u2013 City and Desire<\/u><br \/>\n\u2014 <em>It looks like a Japanese Film<\/em> (D: Sasha Pirker, AT 2011)<br \/>\n<em>\u00a0 \u00a0 \u00a0Megacities<\/em> (D: Michael Glawogger, AT 1998)<br \/>\n\u2014 <em>Sehnsucht 202<\/em> (D: Max Neufeld, DE\/AT 1932)<br \/>\n\u2014 <em>Sonnenstrahl<\/em> (D: Paul Fejos, AT 1933)<br \/>\n\u2014 <em>Sonnenflecken<\/em> (D: Barbara Albert, AT 1988)<br \/>\n<em>\u00a0 \u00a0 \u00a0Nordrand<\/em> (D: Barbara Albert, AT 1999)<br \/>\n\u2014 <em>Der Traum der bleibt<\/em> (D: Leopold Lummerstorfer, AT 1996)<br \/>\n<em>\u00a0 \u00a0 \u00a0Prince of Peace<\/em> (D: Hans Scheugl, AT 1993)<br \/>\n\u2014 <em>Frankfurt Kaiserstra\u00dfe<\/em> (D: Roger Fritz, BRD 1981)<br \/>\n\u2014 <em>Irgendwann einmal \u2026 <\/em><br \/>\n<em>\u00a0 \u00a0 \u00a0Probleme der Jugendlichen in Gro\u00dfsiedlungen<\/em> (D: Robert Dornhelm, AT 1973)<br \/>\n<em>\u00a0 \u00a0 \u00a0Jugendzentrum Per-Albin-Hansson-Siedlung Ost<\/em> (D: Gustav Deutsch, AT 1977)<br \/>\n<em>\u00a0 \u00a0 \u00a0Losgelassen \u2013 Jugend in Graz<\/em> (D: Rene Brueger, AT 1986)<br \/>\n\u2014 <em>Bez\u00fa\u010deln\u00e1 proch\u00e1zka (Aimless Walk \u2013 Spaziergang ins Blaue)<\/em><br \/>\n<em>\u00a0 \u00a0 \u00a0<\/em>(D: Alexander Hammid, CZ 1930)<br \/>\n<em>\u00a0 \u00a0 \u00a0Aimless Walk \u2013 Alexander Hammid<\/em> (D: Martina Kudl\u00e1\u010dek, AT\/CZ 1996)<br \/>\n<em>\u00a0 \u00a0 \u00a0Go! Go! Go! <\/em>(D: Marie Menken, FR 1962\u20131964)<br \/>\n<em>\u00a0 \u00a0 \u00a0A Tale of Two Cities<\/em> (D: Jem Cohen, AT 2007)<br \/>\n<em>\u00a0 \u00a0 \u00a0cityscapes<\/em> (D: Michaela Grill, Martin Siewert, AT 2007)<br \/>\n\u2014 <em>Eintritt zum Paradies um 3\u20ac20<\/em> (D: Edith Stauber, AT 2008)<br \/>\n<em>\u00a0 \u00a0 \u00a0Wie Sand am Meer \u2013 Familiennotizen aus Urlaub und Alltag<\/em> (D: Bernhard Frankfurter, AT 1976)<br \/>\n<em>\u00a0 \u00a0 \u00a0quadro<\/em> (D: Lotte Schreiber, AT\/IT 2002)<br \/>\n\u2014 <em>Magic Graz<\/em> (D: Curt M. Faudon, Max Vrecer, AT 1972)<br \/>\n<em>\u00a0 \u00a0 \u00a0Canale Grande<\/em> (D: Friederike Pezold, AT 1983)<\/p>\n<h3><\/h3>\n<p>&nbsp;<\/p>\n<div id=\"attachment_60424\" style=\"width: 534px\" class=\"wp-caption alignnone\"><img loading=\"lazy\" decoding=\"async\" aria-describedby=\"caption-attachment-60424\" class=\"wp-image-60424 size-large\" src=\"https:\/\/www.diagonale.at\/wp-content\/uploads\/2020\/01\/Sonnenstrahl_A-D-1933_015_c-Filmarchiv-Austria-524x391.jpg\" alt=\"\" width=\"524\" height=\"391\" srcset=\"https:\/\/www.diagonale.at\/wp-content\/uploads\/2020\/01\/Sonnenstrahl_A-D-1933_015_c-Filmarchiv-Austria-524x391.jpg 524w, https:\/\/www.diagonale.at\/wp-content\/uploads\/2020\/01\/Sonnenstrahl_A-D-1933_015_c-Filmarchiv-Austria-368x275.jpg 368w, https:\/\/www.diagonale.at\/wp-content\/uploads\/2020\/01\/Sonnenstrahl_A-D-1933_015_c-Filmarchiv-Austria-176x131.jpg 176w, https:\/\/www.diagonale.at\/wp-content\/uploads\/2020\/01\/Sonnenstrahl_A-D-1933_015_c-Filmarchiv-Austria-768x573.jpg 768w, https:\/\/www.diagonale.at\/wp-content\/uploads\/2020\/01\/Sonnenstrahl_A-D-1933_015_c-Filmarchiv-Austria-1536x1147.jpg 1536w, https:\/\/www.diagonale.at\/wp-content\/uploads\/2020\/01\/Sonnenstrahl_A-D-1933_015_c-Filmarchiv-Austria.jpg 1800w\" sizes=\"(max-width: 524px) 100vw, 524px\" \/><p id=\"caption-attachment-60424\" class=\"wp-caption-text\">Sonnenstrahl \u00a9 Filmarchiv Austria<\/p><\/div>\n<h3><u>Cinema, film, and city<br \/>\nCongenial from time eternal<\/u><\/h3>\n<p>It\u2019s not far from the city (railway) into the cinema. Historical analogies between city and film abound. For example, between the flow of images through the film projector and the segmented view of building fronts swiftly passing by that passengers catch through the window of the city railway. Also, the aspect of anonymity seems equally appreciated by city dwellers and cinema goers alike: Both enjoy being alone, together. Furthermore, movie theaters and cinemas entice with distraction and pleasure \u2013 a promise of happiness that they share with the diverse stimulants of urban habitats. Cinema, film, and city \u2013 all symbolize fantasies and desires that are constantly in danger of topplin, all offer the chance to get lost in the enchanting scintillating lights. Behind them: a reality that is also, at times, dismal. These intersections are the starting point for numerous confrontations with the congenialities of city and film \u2013 in this case, the Austrian ones. <u>Sehnsucht 2020 \u2013 City and Desire<\/u> tells of strollers and city dwellers. Of those who moved from the provinces to the city to start a new life. Of those who become disappointed when this very promise of happiness becomes their downfall in the moloch of the metropolis.<\/p>\n<p>&nbsp;<\/p>\n<div id=\"attachment_60425\" style=\"width: 534px\" class=\"wp-caption alignnone\"><img loading=\"lazy\" decoding=\"async\" aria-describedby=\"caption-attachment-60425\" class=\"wp-image-60425 size-large\" src=\"https:\/\/www.diagonale.at\/wp-content\/uploads\/2020\/01\/Megacities_7_c_Foto-doppelpunkt-Sammlung-O\u0308sterreichisches-Filmmuseum-\u00a9Michael-Glawogger-524x372.jpg\" alt=\"\" width=\"524\" height=\"372\" srcset=\"https:\/\/www.diagonale.at\/wp-content\/uploads\/2020\/01\/Megacities_7_c_Foto-doppelpunkt-Sammlung-O\u0308sterreichisches-Filmmuseum-\u00a9Michael-Glawogger-524x372.jpg 524w, https:\/\/www.diagonale.at\/wp-content\/uploads\/2020\/01\/Megacities_7_c_Foto-doppelpunkt-Sammlung-O\u0308sterreichisches-Filmmuseum-\u00a9Michael-Glawogger-368x261.jpg 368w, https:\/\/www.diagonale.at\/wp-content\/uploads\/2020\/01\/Megacities_7_c_Foto-doppelpunkt-Sammlung-O\u0308sterreichisches-Filmmuseum-\u00a9Michael-Glawogger-176x125.jpg 176w, https:\/\/www.diagonale.at\/wp-content\/uploads\/2020\/01\/Megacities_7_c_Foto-doppelpunkt-Sammlung-O\u0308sterreichisches-Filmmuseum-\u00a9Michael-Glawogger-768x546.jpg 768w, https:\/\/www.diagonale.at\/wp-content\/uploads\/2020\/01\/Megacities_7_c_Foto-doppelpunkt-Sammlung-O\u0308sterreichisches-Filmmuseum-\u00a9Michael-Glawogger-1536x1091.jpg 1536w, https:\/\/www.diagonale.at\/wp-content\/uploads\/2020\/01\/Megacities_7_c_Foto-doppelpunkt-Sammlung-O\u0308sterreichisches-Filmmuseum-\u00a9Michael-Glawogger.jpg 1792w\" sizes=\"(max-width: 524px) 100vw, 524px\" \/><p id=\"caption-attachment-60425\" class=\"wp-caption-text\">Megacities \u00a9 Sammlung \u00d6sterreichisches Filmmuseum\/Michael Glawogger<\/p><\/div>\n<h3><u>On social and architectural structures<\/u><\/h3>\n<p>The historical special\u2019s tale begins with early film pearls \u2013 two new specially prepared restorations from Filmarchiv Austria: <em>Sonnenstrahl <\/em>(D: Paul Fejos, AT 1933), a turbulent comedy of errors, and <em>Sehnsucht 202 <\/em>(D: Max Neufeld, DE\/AT 1932), a public housing story, revolve around the interwar period shaped by social tensions and rifts. Aspects of eroding solidarity run through the entire program, as does a confrontation with one\u2019s cultural identity. The very question of a worthwhile way of living, is also ultimately posed by the young adults in two works by Barbara Albert: <em>Sonnenflecken<\/em> (AT 1988) and her cult film<em> Nordrand<\/em> (AT 1999), which shortly before the turn of the millennium, exemplarily represents the emergence mounted by a new generation of Austrian filmmakers. Already a year before <em>Nordrand,<\/em> director Michael Glawogger was drawn to the <em>Megacities<\/em> (AT 1998) of our planet for his iconic documentary. A lot of political debates were influenced by the buzzword globalization back then, which also linked regional challenges and geopolitical issues. In his long-term documentary observation <em>Der Traum der bleibt<\/em> (AT 1996), Leopold Lummerstorfer traces the worries, desires, and hopes of the inhabitants of Vienna\u2019s Trabrenngr\u00fcnde housing estate. This opus magnum, one of Austria\u2019s most remarkable documentaries, can also be seen again after many years \u2013 as can an early ORF report by Robert Dornhelm on youth gangs in the then brand-new Gro\u00dffeldsiedlung housing estate. The recently deceased artist and filmmaker Gustav Deutsch thwarts these official recordings made for the public broadcasting service. His first film (<em>Jugendzentrum Per-Albin-Hansson-Siedlung Ost<\/em>, AT 1977) is a valuable, private documentary on the youth center at the Per-Albin-Hansson housing estate and the era\u2019s sociopolitical concepts for dealing with young people. Meanwhile, in 1986, Rene Brueger asked young people in Styria about their desires for <em>Losgelassen \u2013 Jugend in Graz.<\/em><\/p>\n<p>&nbsp;<\/p>\n<div id=\"attachment_60426\" style=\"width: 534px\" class=\"wp-caption alignnone\"><img loading=\"lazy\" decoding=\"async\" aria-describedby=\"caption-attachment-60426\" class=\"wp-image-60426 size-large\" src=\"https:\/\/www.diagonale.at\/wp-content\/uploads\/2020\/01\/Eintritt_c_Eintritt-zum-Paradies-um-3\u20ac20-Edith-Stauber-\u00a9-sixpackfilm-524x222.jpg\" alt=\"\" width=\"524\" height=\"222\" srcset=\"https:\/\/www.diagonale.at\/wp-content\/uploads\/2020\/01\/Eintritt_c_Eintritt-zum-Paradies-um-3\u20ac20-Edith-Stauber-\u00a9-sixpackfilm-524x222.jpg 524w, https:\/\/www.diagonale.at\/wp-content\/uploads\/2020\/01\/Eintritt_c_Eintritt-zum-Paradies-um-3\u20ac20-Edith-Stauber-\u00a9-sixpackfilm-368x156.jpg 368w, https:\/\/www.diagonale.at\/wp-content\/uploads\/2020\/01\/Eintritt_c_Eintritt-zum-Paradies-um-3\u20ac20-Edith-Stauber-\u00a9-sixpackfilm-176x75.jpg 176w, https:\/\/www.diagonale.at\/wp-content\/uploads\/2020\/01\/Eintritt_c_Eintritt-zum-Paradies-um-3\u20ac20-Edith-Stauber-\u00a9-sixpackfilm-768x326.jpg 768w, https:\/\/www.diagonale.at\/wp-content\/uploads\/2020\/01\/Eintritt_c_Eintritt-zum-Paradies-um-3\u20ac20-Edith-Stauber-\u00a9-sixpackfilm-1536x652.jpg 1536w, https:\/\/www.diagonale.at\/wp-content\/uploads\/2020\/01\/Eintritt_c_Eintritt-zum-Paradies-um-3\u20ac20-Edith-Stauber-\u00a9-sixpackfilm.jpg 1800w\" sizes=\"(max-width: 524px) 100vw, 524px\" \/><p id=\"caption-attachment-60426\" class=\"wp-caption-text\">Eintritt zum Paradies um 3\u20ac20 \u00a9 sixpackfilm<\/p><\/div>\n<h3><u>Where the city takes its holiday <\/u><br \/>\n<u>Or: Happiness is so close (and far away)<\/u><\/h3>\n<p>The film program for <u>Sehnsucht 2020 \u2013 City and Desire<\/u>\u00a0also shows sites where a little happiness resides. The park pool in Linz, for example, promises entry to paradise, for 3 euros, 20 cents: <em>Eintritt zum Paradies um 3\u20ac20<\/em> (D: Edith Stauber, AT 2008). Whereas the legendary ORF television producer Bernhard Frankfurter followed traveling urbanites to the northern Adriatic in the 1970s and 1980s (<em>Wie Sand am Meer \u2013 Familiennotizen aus Urlaub und Alltag<\/em>, AT 1976) \u2013 symbolic of summertime distraction and a brief respite from the workaday world. The city is considered a site of densification and also a space to pass through: a reference to mobility and diversity as core features of urban environments. Martina Kudl\u00e1\u010dek\u2019s exceptional portrait of photographer and filmmaker Alexander Hammid (<em>Aimless Walk \u2013 Alexander Hammid<\/em>, AT\/CZ 1996) is characterized by fast-paced observations, minor details, and a precise eye that catches the apparently incidental. Born in Linz in 1907 as Alexander Hackenschmied, Hammid ultimately made his way first to Prague, and then to New York. Martina Kudl\u00e1\u010dek\u2019s portrait is a vivid urban story, in which during subway rides through Manhattan, what are probably the most iconic images of the city surface. Resonating in the recordings is Hammid\u2019s first film made in 1930. <em>Bez\u00fa\u010deln\u00e1 proch\u00e1zka (Aimless Walk \u2013 Spaziergang ins Blaue)<\/em> (CZ 1930), filmed in the heyday of Prague\u2019s film avant-garde and before Hammid\u2019s emigration, is likewise part of the historical special. In 2020, we also meet again with the classic rascal Hanno P\u00f6schl \u2013 also beyond the country\u2019s borders: What brought the Viennese underworld king Johnny to Germany in <em>Frankfurt Kaiserstra\u00dfe<\/em> (D: Roger Fritz, BRD 1981) \u2013 who knows? The gem <em>Frankfurt Kaiserstra\u00dfe<\/em> will be screened together with the piercing <em>Prince of Peace<\/em> (AT 1993) by Hans Scheugl.<\/p>\n<p>&nbsp;<\/p>\n<div id=\"attachment_60427\" style=\"width: 534px\" class=\"wp-caption alignnone\"><img loading=\"lazy\" decoding=\"async\" aria-describedby=\"caption-attachment-60427\" class=\"wp-image-60427 size-large\" src=\"https:\/\/www.diagonale.at\/wp-content\/uploads\/2020\/01\/1973_Irgendwann_einmal_02_c_-\u00a9-ORF-Archiv-524x393.jpg\" alt=\"\" width=\"524\" height=\"393\" srcset=\"https:\/\/www.diagonale.at\/wp-content\/uploads\/2020\/01\/1973_Irgendwann_einmal_02_c_-\u00a9-ORF-Archiv-524x393.jpg 524w, https:\/\/www.diagonale.at\/wp-content\/uploads\/2020\/01\/1973_Irgendwann_einmal_02_c_-\u00a9-ORF-Archiv-368x276.jpg 368w, https:\/\/www.diagonale.at\/wp-content\/uploads\/2020\/01\/1973_Irgendwann_einmal_02_c_-\u00a9-ORF-Archiv-176x132.jpg 176w, https:\/\/www.diagonale.at\/wp-content\/uploads\/2020\/01\/1973_Irgendwann_einmal_02_c_-\u00a9-ORF-Archiv-768x576.jpg 768w, https:\/\/www.diagonale.at\/wp-content\/uploads\/2020\/01\/1973_Irgendwann_einmal_02_c_-\u00a9-ORF-Archiv.jpg 1200w\" sizes=\"(max-width: 524px) 100vw, 524px\" \/><p id=\"caption-attachment-60427\" class=\"wp-caption-text\">Irgendwann einmal \u2026 Probleme der Jugendlichen in Gro\u00dfsiedlungen \u00a9 ORF-Archiv<\/p><\/div>\n<h3><u>Brutal regionalism meets architectural brutalism<\/u><\/h3>\n<p>Rarities and hitherto rarely screened works, such as the quaint advertising clip <em>Magic Graz<\/em> (AT 1972) by the recently deceased Styrian film director Curt M. Faudon and his cameraman Max Vrecer, which attempts to heap praise on Styria along the lines of the then current political zeitgeist, between cultural heritage and rebellion, tradition and avant-garde, balancing Jazz, Spielberg, and Lodenjanker, meets media-reflective avant-garde films, such as Friederike Pezold\u2019s<em> Canale Grande <\/em>(AT 1983). The program also includes two filmmakers Sasha Pirker and Lotte Schreiber who in their films frequently follow the line of thought that the city is always two things: the physical, built architectural space, as well as a mentality made up of perceptions, life styles, and ideologies \u2013 that is, the city as society.<\/p>\n<p>Supplementing the historical special, SYNEMA \u2013 Gesellschaft f\u00fcr Film und Medien is presenting four film programs under the title <u>Displaced Persons \u2013 Keine Heimat, nirgendwo!<\/u>. With a view to current events, the program is meant to recall historical migration movements with films thematizing the lives of so-called displaced persons in camps, and works made by emigrated filmmakers, such as Peter Lorre, Fred Zinnemann, Alexander Hammid, Terence Fisher, and Jonas Mekas.<\/p>\n<p>&nbsp;<\/p>\n<pre>xxx<\/pre>\n<p>&nbsp;<\/p>\n","protected":false},"excerpt":{"rendered":"<p>The Diagonale\u201920 was cancelled due to official measures to contain the spread of COVID-19. The historical special Sehnsucht 2020 \u2013 City and Desire is presented by \u00d61.  The 22 films in Sehnsucht 2020 \u2013 City and Desire \u2013 a joint special by Diagonale, Filmarchiv Austria, the Austrian Film Museum, and the ORF Archive \u2013 [&hellip;]<\/p>\n","protected":false},"author":39,"featured_media":0,"parent":0,"menu_order":0,"comment_status":"closed","ping_status":"closed","template":"","meta":{"footnotes":""},"class_list":["post-81717","page","type-page","status-publish","hentry"],"_links":{"self":[{"href":"https:\/\/www.diagonale.at\/en\/wp-json\/wp\/v2\/pages\/81717","targetHints":{"allow":["GET"]}}],"collection":[{"href":"https:\/\/www.diagonale.at\/en\/wp-json\/wp\/v2\/pages"}],"about":[{"href":"https:\/\/www.diagonale.at\/en\/wp-json\/wp\/v2\/types\/page"}],"author":[{"embeddable":true,"href":"https:\/\/www.diagonale.at\/en\/wp-json\/wp\/v2\/users\/39"}],"replies":[{"embeddable":true,"href":"https:\/\/www.diagonale.at\/en\/wp-json\/wp\/v2\/comments?post=81717"}],"version-history":[{"count":0,"href":"https:\/\/www.diagonale.at\/en\/wp-json\/wp\/v2\/pages\/81717\/revisions"}],"wp:attachment":[{"href":"https:\/\/www.diagonale.at\/en\/wp-json\/wp\/v2\/media?parent=81717"}],"curies":[{"name":"wp","href":"https:\/\/api.w.org\/{rel}","templated":true}]}}